{"id":43,"date":"2023-03-03T11:09:10","date_gmt":"2023-03-03T10:09:10","guid":{"rendered":"https:\/\/visitcavaion.it\/?page_id=43"},"modified":"2023-04-27T16:41:06","modified_gmt":"2023-04-27T14:41:06","slug":"stazione-9","status":"publish","type":"page","link":"https:\/\/visitcavaion.it\/de\/sentiero-del-monte-san-michele\/stazione-9\/","title":{"rendered":"Stationen 9"},"content":{"rendered":"<div data-elementor-type=\"wp-page\" data-elementor-id=\"43\" class=\"elementor elementor-43\" data-elementor-post-type=\"page\">\n\t\t\t\t\t\t<section class=\"elementor-section elementor-top-section elementor-element elementor-element-efdf52c elementor-section-boxed elementor-section-height-default elementor-section-height-default\" data-id=\"efdf52c\" data-element_type=\"section\" data-e-type=\"section\" data-settings=\"{&quot;background_background&quot;:&quot;classic&quot;}\">\n\t\t\t\t\t\t\t<div class=\"elementor-background-overlay\"><\/div>\n\t\t\t\t\t\t\t<div class=\"elementor-container elementor-column-gap-default\">\n\t\t\t\t\t<div class=\"elementor-column elementor-col-100 elementor-top-column elementor-element elementor-element-6e83907\" data-id=\"6e83907\" data-element_type=\"column\" data-e-type=\"column\" data-settings=\"{&quot;background_background&quot;:&quot;classic&quot;}\">\n\t\t\t<div class=\"elementor-widget-wrap elementor-element-populated\">\n\t\t\t\t\t\t<section class=\"elementor-section elementor-inner-section elementor-element elementor-element-c5da868 elementor-section-boxed elementor-section-height-default elementor-section-height-default\" data-id=\"c5da868\" data-element_type=\"section\" data-e-type=\"section\">\n\t\t\t\t\t\t<div class=\"elementor-container elementor-column-gap-default\">\n\t\t\t\t\t<div class=\"elementor-column elementor-col-100 elementor-inner-column elementor-element elementor-element-12adb77\" data-id=\"12adb77\" data-element_type=\"column\" data-e-type=\"column\">\n\t\t\t<div class=\"elementor-widget-wrap elementor-element-populated\">\n\t\t\t\t\t\t<div class=\"elementor-element elementor-element-75f4cd4 sfuma elementor-widget__width-auto elementor-widget elementor-widget-heading\" data-id=\"75f4cd4\" data-element_type=\"widget\" data-e-type=\"widget\" data-widget_type=\"heading.default\">\n\t\t\t\t<div class=\"elementor-widget-container\">\n\t\t\t\t\t<h2 class=\"elementor-heading-title elementor-size-default\">Stationen 9<\/h2>\t\t\t\t<\/div>\n\t\t\t\t<\/div>\n\t\t\t\t\t<\/div>\n\t\t<\/div>\n\t\t\t\t\t<\/div>\n\t\t<\/section>\n\t\t\t\t<div class=\"elementor-element elementor-element-3082d6b elementor-absolute elementor-widget__width-auto elementor-widget elementor-widget-image\" data-id=\"3082d6b\" data-element_type=\"widget\" data-e-type=\"widget\" data-settings=\"{&quot;_position&quot;:&quot;absolute&quot;}\" data-widget_type=\"image.default\">\n\t\t\t\t<div class=\"elementor-widget-container\">\n\t\t\t\t\t\t\t\t\t\t\t\t\t\t\t<img decoding=\"async\" width=\"166\" height=\"164\" src=\"https:\/\/visitcavaion.it\/wp-content\/uploads\/2023\/03\/Group-79.png\" class=\"attachment-full size-full wp-image-284\" alt=\"\" \/>\t\t\t\t\t\t\t\t\t\t\t\t\t\t\t<\/div>\n\t\t\t\t<\/div>\n\t\t\t\t<div class=\"elementor-element elementor-element-0b02944 elementor-hidden-desktop elementor-hidden-tablet elementor-widget elementor-widget-heading\" data-id=\"0b02944\" data-element_type=\"widget\" data-e-type=\"widget\" data-widget_type=\"heading.default\">\n\t\t\t\t<div class=\"elementor-widget-container\">\n\t\t\t\t\t<h2 class=\"elementor-heading-title elementor-size-default\">Home &gt;&gt; CTG El Preon &gt;&gt;<b> Weg des Monte San Michele<\/b><\/h2>\t\t\t\t<\/div>\n\t\t\t\t<\/div>\n\t\t\t\t<div class=\"elementor-element elementor-element-de5739c elementor-widget-divider--view-line_text elementor-widget-divider--element-align-right elementor-hidden-mobile elementor-widget elementor-widget-divider\" data-id=\"de5739c\" data-element_type=\"widget\" data-e-type=\"widget\" data-widget_type=\"divider.default\">\n\t\t\t\t<div class=\"elementor-widget-container\">\n\t\t\t\t\t\t\t<div class=\"elementor-divider\">\n\t\t\t<span class=\"elementor-divider-separator\">\n\t\t\t\t\t\t\t<span class=\"elementor-divider__text elementor-divider__element\">\n\t\t\t\tHome >> CTG El Preon >><b> Weg des Monte San Michele<\/b>\t\t\t\t<\/span>\n\t\t\t\t\t\t<\/span>\n\t\t<\/div>\n\t\t\t\t\t\t<\/div>\n\t\t\t\t<\/div>\n\t\t\t\t<div class=\"elementor-element elementor-element-a75e46e elementor-widget elementor-widget-heading\" data-id=\"a75e46e\" data-element_type=\"widget\" data-e-type=\"widget\" data-widget_type=\"heading.default\">\n\t\t\t\t<div class=\"elementor-widget-container\">\n\t\t\t\t\t<h2 class=\"elementor-heading-title elementor-size-default\">Monte San Michele<\/h2>\t\t\t\t<\/div>\n\t\t\t\t<\/div>\n\t\t\t\t<div class=\"elementor-element elementor-element-08afcce text-sup elementor-widget elementor-widget-text-editor\" data-id=\"08afcce\" data-element_type=\"widget\" data-e-type=\"widget\" data-widget_type=\"text-editor.default\">\n\t\t\t\t<div class=\"elementor-widget-container\">\n\t\t\t\t\t\t\t\t\t<p class=\"translation-block\">Der Berg Monte San Michele (342 m), nordwestlich der heutigen Ortschaft gelegen, war aufgrund seiner besonderen geografischen Beschaffenheit, die im Allgemeinen auf pr\u00e4historische Zeiten zur\u00fcckgef\u00fchrt werden kann, der Ort antiker Siedlungen. Trotz einer Andeutung topographischer Natur, die an eine langobardische Siedlung auf dem H\u00fcgel erinnern k\u00f6nnte, gibt es keine Unterlagen, die ihre Anwesenheit rechtfertigen w\u00fcrden. Auf dem etwas weiter unten gelegenen Plateau wurde die dem heiligen Michael geweihte Kirche im 11. Jahrhundert errichtet und sp\u00e4ter erweitert.\nIm sp\u00e4ten Mittelalter wurde n\u00f6rdlich davon ein Wohnkomplex f\u00fcr die Einsiedler errichtet, die abwechselnd die Kirche h\u00fcteten, die heute der weiter unten im Tal gelegenen Kirche zu Ehren des Heiligen Johannes des T\u00e4ufers untergeordnet ist und ist seit dem 14. Jahrhundert die Pfarrkirche von Cavaion. Arch\u00e4ologische Ausgrabungen haben die Struktur des Wohnkomplexes ans Licht gebracht, der aus mehreren R\u00e4umen und einem Hof mit einem Brunnen im venezianischen Stil besteht, der au\u00dfen mit einer Steinmauer und innen mit einer Ziegelmauer versehen war und aus dem man Wasser sch\u00f6pfen konnte.<\/p><p><strong>LASSEN WIR UNSEREN ABFALL NICHT LIEGEN! <\/strong><br \/>Sehen wir uns an, wie lange die Natur braucht, um unsere Abf\u00e4lle zu entsorgen (F\u00e4higkeit einer chemischen Verbindung, sich mit Hilfe von Bakterien zu zersetzen):<\/p><p>\u2022 Papiertaschentuch: 8 Wochen<br \/>\u2022 Tageszeitung: 6 Wochen<br \/>\u2022 Beschichtete Papierzeitschrift: 8 10 Monate<br \/>\u2022 Beschichtete Papierzeitschrift: 8 10 Monate<br \/>\u2022 Zigarettenstummel: 1 Jahr und l\u00e4nger<br \/>\u2022 Kaugummi: 5 Jahre<br \/>\u2022 Aluminiumdose: 10 Jahre<br \/>\u2022 Plastikt\u00fcte: 500 Jahre und mehr<br \/>\u2022 Synthetisches Gewebe: 500 Jahre und mehr<br \/>\u2022 Plastikflasche: fast 100 Jahre<br \/>\u2022 Feuerzeuge: 100 Jahre<br \/>\u2022 Tampons und Windeln: 200 Jahre<br \/>\u2022 Magnetkarten: 1000 Jahre<br \/>\u2022 Glasflaschen: unbefristet<\/p><p class=\"translation-block\">Mit jedem gepflanzten Baum k\u00f6nnen im Laufe seines Lebens etwa 700 kg CO2 eingespart werden. Allein der Stromverbrauch eines B\u00fcros mit 10 Personen erzeugt in einem Jahr etwa 30.000 kg CO2, d.h.\nKohlendioxid, der gr\u00f6\u00dfte Umweltverschmutzer. Diese Emissionen k\u00f6nnen durch die Pflanzung von 45 B\u00e4umen neutralisiert werden. Ein Baum ist der beste Schutz gegen Umweltverschmutzung.<\/p>\t\t\t\t\t\t\t\t<\/div>\n\t\t\t\t<\/div>\n\t\t\t\t\t<\/div>\n\t\t<\/div>\n\t\t\t\t\t<\/div>\n\t\t<\/section>\n\t\t\t\t<section class=\"elementor-section elementor-top-section elementor-element elementor-element-ce915c5 elementor-section-boxed elementor-section-height-default elementor-section-height-default\" data-id=\"ce915c5\" data-element_type=\"section\" data-e-type=\"section\">\n\t\t\t\t\t\t<div class=\"elementor-container elementor-column-gap-default\">\n\t\t\t\t\t<div class=\"elementor-column elementor-col-50 elementor-top-column elementor-element elementor-element-70e3807\" data-id=\"70e3807\" data-element_type=\"column\" data-e-type=\"column\">\n\t\t\t<div class=\"elementor-widget-wrap elementor-element-populated\">\n\t\t\t\t\t\t<div class=\"elementor-element elementor-element-f349b09 elementor-widget elementor-widget-image\" data-id=\"f349b09\" data-element_type=\"widget\" data-e-type=\"widget\" data-widget_type=\"image.default\">\n\t\t\t\t<div class=\"elementor-widget-container\">\n\t\t\t\t\t\t\t\t\t\t\t\t\t\t\t<img fetchpriority=\"high\" decoding=\"async\" width=\"1855\" height=\"1880\" src=\"https:\/\/visitcavaion.it\/wp-content\/uploads\/2023\/04\/stazione-9-map.jpg\" class=\"attachment-full size-full wp-image-658\" alt=\"\" srcset=\"https:\/\/visitcavaion.it\/wp-content\/uploads\/2023\/04\/stazione-9-map.jpg 1855w, https:\/\/visitcavaion.it\/wp-content\/uploads\/2023\/04\/stazione-9-map-296x300.jpg 296w, https:\/\/visitcavaion.it\/wp-content\/uploads\/2023\/04\/stazione-9-map-1010x1024.jpg 1010w, https:\/\/visitcavaion.it\/wp-content\/uploads\/2023\/04\/stazione-9-map-768x778.jpg 768w, https:\/\/visitcavaion.it\/wp-content\/uploads\/2023\/04\/stazione-9-map-1516x1536.jpg 1516w\" sizes=\"(max-width: 1855px) 100vw, 1855px\" \/>\t\t\t\t\t\t\t\t\t\t\t\t\t\t\t<\/div>\n\t\t\t\t<\/div>\n\t\t\t\t\t<\/div>\n\t\t<\/div>\n\t\t\t\t<div class=\"elementor-column elementor-col-50 elementor-top-column elementor-element elementor-element-693699d\" data-id=\"693699d\" data-element_type=\"column\" data-e-type=\"column\">\n\t\t\t<div class=\"elementor-widget-wrap elementor-element-populated\">\n\t\t\t\t\t\t<div class=\"elementor-element elementor-element-c458b6b elementor-widget elementor-widget-text-editor\" data-id=\"c458b6b\" data-element_type=\"widget\" data-e-type=\"widget\" data-widget_type=\"text-editor.default\">\n\t\t\t\t<div class=\"elementor-widget-container\">\n\t\t\t\t\t\t\t\t\t<p>1. Obere terrasse <br \/>2. Raum mit feuerstelle <br \/>3. Milit\u00e4rbereich <br \/>4. Mittlere terrasse <br \/>5. Kirche des heiligen michael <br \/>6. Wohnung der w\u00e4rter<br \/>7. Friedhofgel\u00e4nde <br \/>8. Ostw\u00e4rts gerichtete st\u00fctzmauer <br \/>9. Nach s\u00fcden gerichtete begrenzungsmauer <br \/>10. Berghang<\/p>\t\t\t\t\t\t\t\t<\/div>\n\t\t\t\t<\/div>\n\t\t\t\t\t<\/div>\n\t\t<\/div>\n\t\t\t\t\t<\/div>\n\t\t<\/section>\n\t\t\t\t<section class=\"elementor-section elementor-top-section elementor-element elementor-element-70c7e8d elementor-section-boxed elementor-section-height-default elementor-section-height-default\" data-id=\"70c7e8d\" data-element_type=\"section\" data-e-type=\"section\">\n\t\t\t\t\t\t<div class=\"elementor-container elementor-column-gap-default\">\n\t\t\t\t\t<div class=\"elementor-column elementor-col-100 elementor-top-column elementor-element elementor-element-a406201\" data-id=\"a406201\" data-element_type=\"column\" data-e-type=\"column\">\n\t\t\t<div class=\"elementor-widget-wrap elementor-element-populated\">\n\t\t\t\t\t\t<div class=\"elementor-element elementor-element-dbd4c81 elementor-widget elementor-widget-text-editor\" data-id=\"dbd4c81\" data-element_type=\"widget\" data-e-type=\"widget\" data-widget_type=\"text-editor.default\">\n\t\t\t\t<div class=\"elementor-widget-container\">\n\t\t\t\t\t\t\t\t\t<p>The publication of the historical-archaeological information has been authorized by the Superintendence SABAP VR-RO-VI<\/p>\t\t\t\t\t\t\t\t<\/div>\n\t\t\t\t<\/div>\n\t\t\t\t\t<\/div>\n\t\t<\/div>\n\t\t\t\t\t<\/div>\n\t\t<\/section>\n\t\t\t\t<section class=\"elementor-section elementor-top-section elementor-element elementor-element-b0f1d43 elementor-section-boxed elementor-section-height-default elementor-section-height-default\" data-id=\"b0f1d43\" data-element_type=\"section\" data-e-type=\"section\">\n\t\t\t\t\t\t<div class=\"elementor-container elementor-column-gap-default\">\n\t\t\t\t\t<div class=\"elementor-column elementor-col-100 elementor-top-column elementor-element elementor-element-86b09a8\" data-id=\"86b09a8\" data-element_type=\"column\" data-e-type=\"column\">\n\t\t\t<div class=\"elementor-widget-wrap elementor-element-populated\">\n\t\t\t\t\t\t<div class=\"elementor-element elementor-element-a7010f2 elementor-widget elementor-widget-text-editor\" data-id=\"a7010f2\" data-element_type=\"widget\" data-e-type=\"widget\" data-widget_type=\"text-editor.default\">\n\t\t\t\t<div class=\"elementor-widget-container\">\n\t\t\t\t\t\t\t\t\t<p class=\"translation-block\">Die Gruppe CTG El Preon APS hat beschlossen, diese Route zwischen Natur, Geschichte und Tradition einem ihrer Gr\u00fcndungsmitglieder, Romano Giacomelli, zu widmen. Dieser hat sich unerm\u00fcdlich f\u00fcr die Kultur und die Bildung in Cavaion eingesetzt und ist 2022 verstorben.<\/p>\t\t\t\t\t\t\t\t<\/div>\n\t\t\t\t<\/div>\n\t\t\t\t\t<\/div>\n\t\t<\/div>\n\t\t\t\t\t<\/div>\n\t\t<\/section>\n\t\t\t\t<section class=\"elementor-section elementor-top-section elementor-element elementor-element-49b8805 elementor-hidden-desktop elementor-section-boxed elementor-section-height-default elementor-section-height-default\" data-id=\"49b8805\" data-element_type=\"section\" data-e-type=\"section\">\n\t\t\t\t\t\t<div class=\"elementor-container elementor-column-gap-default\">\n\t\t\t\t\t<div class=\"elementor-column elementor-col-100 elementor-top-column elementor-element elementor-element-956a9d2\" data-id=\"956a9d2\" data-element_type=\"column\" data-e-type=\"column\">\n\t\t\t<div class=\"elementor-widget-wrap elementor-element-populated\">\n\t\t\t\t\t\t<div class=\"elementor-element elementor-element-5481af1 elementor-icon-list--layout-inline elementor-mobile-align-center elementor-widget-mobile__width-auto elementor-fixed elementor-list-item-link-full_width elementor-widget elementor-widget-icon-list\" data-id=\"5481af1\" data-element_type=\"widget\" data-e-type=\"widget\" data-settings=\"{&quot;_position&quot;:&quot;fixed&quot;}\" data-widget_type=\"icon-list.default\">\n\t\t\t\t<div class=\"elementor-widget-container\">\n\t\t\t\t\t\t\t<ul class=\"elementor-icon-list-items elementor-inline-items\">\n\t\t\t\t\t\t\t<li class=\"elementor-icon-list-item elementor-inline-item\">\n\t\t\t\t\t\t\t\t\t\t\t<a href=\"https:\/\/visitcavaion.it\/de\/ctg-el-preon\/sentiero-del-monte-san-michele\/stazione-8\/\">\n\n\t\t\t\t\t\t\t\t\t\t\t\t<span class=\"elementor-icon-list-icon\">\n\t\t\t\t\t\t\t<i aria-hidden=\"true\" class=\"far fa-arrow-alt-circle-left\"><\/i>\t\t\t\t\t\t<\/span>\n\t\t\t\t\t\t\t\t\t\t<span class=\"elementor-icon-list-text\"><\/span>\n\t\t\t\t\t\t\t\t\t\t\t<\/a>\n\t\t\t\t\t\t\t\t\t<\/li>\n\t\t\t\t\t\t\t\t<li class=\"elementor-icon-list-item elementor-inline-item\">\n\t\t\t\t\t\t\t\t\t\t\t<a href=\"https:\/\/visitcavaion.it\/de\/ctg-el-preon\/sentiero-del-monte-san-michele\/stazione-10\/\">\n\n\t\t\t\t\t\t\t\t\t\t\t\t<span class=\"elementor-icon-list-icon\">\n\t\t\t\t\t\t\t<i aria-hidden=\"true\" class=\"far fa-arrow-alt-circle-right\"><\/i>\t\t\t\t\t\t<\/span>\n\t\t\t\t\t\t\t\t\t\t<span class=\"elementor-icon-list-text\"><\/span>\n\t\t\t\t\t\t\t\t\t\t\t<\/a>\n\t\t\t\t\t\t\t\t\t<\/li>\n\t\t\t\t\t\t<\/ul>\n\t\t\t\t\t\t<\/div>\n\t\t\t\t<\/div>\n\t\t\t\t\t<\/div>\n\t\t<\/div>\n\t\t\t\t\t<\/div>\n\t\t<\/section>\n\t\t\t\t<\/div>","protected":false},"excerpt":{"rendered":"<p>Stazione 9 Home >> CTG El Preon >> Sentiero del Monte San Michele Home >> CTG El Preon >> Sentiero del Monte San Michele Il Monte San Michele Il monte San Michele (342 m), posto a Nord-Ovest dell\u2019attuale centro abitato, grazie alla peculiarit\u00e0 della conformazione geografica, \u00e8 stato luogo di antichi insediamenti, che si fanno [&hellip;]<\/p>\n","protected":false},"author":1,"featured_media":0,"parent":30,"menu_order":0,"comment_status":"closed","ping_status":"closed","template":"","meta":{"footnotes":""},"class_list":["post-43","page","type-page","status-publish","hentry"],"yoast_head":"<!-- This site is optimized with the Yoast SEO plugin v27.6 - https:\/\/yoast.com\/product\/yoast-seo-wordpress\/ -->\n<title>Stazione 9 - Visit Cavaion<\/title>\n<meta name=\"robots\" content=\"index, follow, max-snippet:-1, max-image-preview:large, max-video-preview:-1\" \/>\n<link rel=\"canonical\" href=\"https:\/\/visitcavaion.it\/de\/itinerari__trashed\/sentiero-del-monte-san-michele\/stazione-9\/\" \/>\n<meta property=\"og:locale\" content=\"de_DE\" \/>\n<meta property=\"og:type\" content=\"article\" \/>\n<meta property=\"og:title\" content=\"Stazione 9 - Visit Cavaion\" \/>\n<meta property=\"og:description\" content=\"Stazione 9 Home &gt;&gt; CTG El Preon &gt;&gt; Sentiero del Monte San Michele Home &gt;&gt; CTG El Preon &gt;&gt; Sentiero del Monte San Michele Il Monte San Michele Il monte San Michele (342 m), posto a Nord-Ovest dell\u2019attuale centro abitato, grazie alla peculiarit\u00e0 della conformazione geografica, \u00e8 stato luogo di antichi insediamenti, che si fanno [&hellip;]\" \/>\n<meta property=\"og:url\" content=\"https:\/\/visitcavaion.it\/de\/itinerari__trashed\/sentiero-del-monte-san-michele\/stazione-9\/\" \/>\n<meta property=\"og:site_name\" content=\"Visit Cavaion\" \/>\n<meta property=\"article:modified_time\" content=\"2023-04-27T14:41:06+00:00\" \/>\n<meta property=\"og:image\" content=\"https:\/\/visitcavaion.it\/wp-content\/uploads\/2023\/03\/Group-79.png\" \/>\n<meta name=\"twitter:card\" content=\"summary_large_image\" \/>\n<meta name=\"twitter:label1\" content=\"Gesch\u00e4tzte Lesezeit\" \/>\n\t<meta name=\"twitter:data1\" content=\"3\u00a0Minuten\" \/>\n<script type=\"application\/ld+json\" class=\"yoast-schema-graph\">{\"@context\":\"https:\\\/\\\/schema.org\",\"@graph\":[{\"@type\":\"WebPage\",\"@id\":\"https:\\\/\\\/visitcavaion.it\\\/itinerari__trashed\\\/sentiero-del-monte-san-michele\\\/stazione-9\\\/\",\"url\":\"https:\\\/\\\/visitcavaion.it\\\/itinerari__trashed\\\/sentiero-del-monte-san-michele\\\/stazione-9\\\/\",\"name\":\"Stazione 9 - Visit Cavaion\",\"isPartOf\":{\"@id\":\"https:\\\/\\\/visitcavaion.it\\\/#website\"},\"primaryImageOfPage\":{\"@id\":\"https:\\\/\\\/visitcavaion.it\\\/itinerari__trashed\\\/sentiero-del-monte-san-michele\\\/stazione-9\\\/#primaryimage\"},\"image\":{\"@id\":\"https:\\\/\\\/visitcavaion.it\\\/itinerari__trashed\\\/sentiero-del-monte-san-michele\\\/stazione-9\\\/#primaryimage\"},\"thumbnailUrl\":\"https:\\\/\\\/visitcavaion.it\\\/wp-content\\\/uploads\\\/2023\\\/03\\\/Group-79.png\",\"datePublished\":\"2023-03-03T10:09:10+00:00\",\"dateModified\":\"2023-04-27T14:41:06+00:00\",\"breadcrumb\":{\"@id\":\"https:\\\/\\\/visitcavaion.it\\\/itinerari__trashed\\\/sentiero-del-monte-san-michele\\\/stazione-9\\\/#breadcrumb\"},\"inLanguage\":\"de\",\"potentialAction\":[{\"@type\":\"ReadAction\",\"target\":[\"https:\\\/\\\/visitcavaion.it\\\/itinerari__trashed\\\/sentiero-del-monte-san-michele\\\/stazione-9\\\/\"]}]},{\"@type\":\"ImageObject\",\"inLanguage\":\"de\",\"@id\":\"https:\\\/\\\/visitcavaion.it\\\/itinerari__trashed\\\/sentiero-del-monte-san-michele\\\/stazione-9\\\/#primaryimage\",\"url\":\"https:\\\/\\\/visitcavaion.it\\\/wp-content\\\/uploads\\\/2023\\\/03\\\/Group-79.png\",\"contentUrl\":\"https:\\\/\\\/visitcavaion.it\\\/wp-content\\\/uploads\\\/2023\\\/03\\\/Group-79.png\"},{\"@type\":\"BreadcrumbList\",\"@id\":\"https:\\\/\\\/visitcavaion.it\\\/itinerari__trashed\\\/sentiero-del-monte-san-michele\\\/stazione-9\\\/#breadcrumb\",\"itemListElement\":[{\"@type\":\"ListItem\",\"position\":1,\"name\":\"Home\",\"item\":\"https:\\\/\\\/visitcavaion.it\\\/\"},{\"@type\":\"ListItem\",\"position\":2,\"name\":\"Sentiero del Monte San Michele\",\"item\":\"https:\\\/\\\/visitcavaion.it\\\/itinerari__trashed\\\/sentiero-del-monte-san-michele\\\/\"},{\"@type\":\"ListItem\",\"position\":3,\"name\":\"Stazione 9\"}]},{\"@type\":\"WebSite\",\"@id\":\"https:\\\/\\\/visitcavaion.it\\\/#website\",\"url\":\"https:\\\/\\\/visitcavaion.it\\\/\",\"name\":\"Visit Cavaion\",\"description\":\"Official Website\",\"potentialAction\":[{\"@type\":\"SearchAction\",\"target\":{\"@type\":\"EntryPoint\",\"urlTemplate\":\"https:\\\/\\\/visitcavaion.it\\\/?s={search_term_string}\"},\"query-input\":{\"@type\":\"PropertyValueSpecification\",\"valueRequired\":true,\"valueName\":\"search_term_string\"}}],\"inLanguage\":\"de\"}]}<\/script>\n<!-- \/ Yoast SEO plugin. -->","yoast_head_json":{"title":"Stazione 9 - Visit Cavaion","robots":{"index":"index","follow":"follow","max-snippet":"max-snippet:-1","max-image-preview":"max-image-preview:large","max-video-preview":"max-video-preview:-1"},"canonical":"https:\/\/visitcavaion.it\/de\/itinerari__trashed\/sentiero-del-monte-san-michele\/stazione-9\/","og_locale":"de_DE","og_type":"article","og_title":"Stazione 9 - Visit Cavaion","og_description":"Stazione 9 Home >> CTG El Preon >> Sentiero del Monte San Michele Home >> CTG El Preon >> Sentiero del Monte San Michele Il Monte San Michele Il monte San Michele (342 m), posto a Nord-Ovest dell\u2019attuale centro abitato, grazie alla peculiarit\u00e0 della conformazione geografica, \u00e8 stato luogo di antichi insediamenti, che si fanno [&hellip;]","og_url":"https:\/\/visitcavaion.it\/de\/itinerari__trashed\/sentiero-del-monte-san-michele\/stazione-9\/","og_site_name":"Visit Cavaion","article_modified_time":"2023-04-27T14:41:06+00:00","og_image":[{"url":"https:\/\/visitcavaion.it\/wp-content\/uploads\/2023\/03\/Group-79.png","type":"","width":"","height":""}],"twitter_card":"summary_large_image","twitter_misc":{"Gesch\u00e4tzte Lesezeit":"3\u00a0Minuten"},"schema":{"@context":"https:\/\/schema.org","@graph":[{"@type":"WebPage","@id":"https:\/\/visitcavaion.it\/itinerari__trashed\/sentiero-del-monte-san-michele\/stazione-9\/","url":"https:\/\/visitcavaion.it\/itinerari__trashed\/sentiero-del-monte-san-michele\/stazione-9\/","name":"Stazione 9 - Visit Cavaion","isPartOf":{"@id":"https:\/\/visitcavaion.it\/#website"},"primaryImageOfPage":{"@id":"https:\/\/visitcavaion.it\/itinerari__trashed\/sentiero-del-monte-san-michele\/stazione-9\/#primaryimage"},"image":{"@id":"https:\/\/visitcavaion.it\/itinerari__trashed\/sentiero-del-monte-san-michele\/stazione-9\/#primaryimage"},"thumbnailUrl":"https:\/\/visitcavaion.it\/wp-content\/uploads\/2023\/03\/Group-79.png","datePublished":"2023-03-03T10:09:10+00:00","dateModified":"2023-04-27T14:41:06+00:00","breadcrumb":{"@id":"https:\/\/visitcavaion.it\/itinerari__trashed\/sentiero-del-monte-san-michele\/stazione-9\/#breadcrumb"},"inLanguage":"de","potentialAction":[{"@type":"ReadAction","target":["https:\/\/visitcavaion.it\/itinerari__trashed\/sentiero-del-monte-san-michele\/stazione-9\/"]}]},{"@type":"ImageObject","inLanguage":"de","@id":"https:\/\/visitcavaion.it\/itinerari__trashed\/sentiero-del-monte-san-michele\/stazione-9\/#primaryimage","url":"https:\/\/visitcavaion.it\/wp-content\/uploads\/2023\/03\/Group-79.png","contentUrl":"https:\/\/visitcavaion.it\/wp-content\/uploads\/2023\/03\/Group-79.png"},{"@type":"BreadcrumbList","@id":"https:\/\/visitcavaion.it\/itinerari__trashed\/sentiero-del-monte-san-michele\/stazione-9\/#breadcrumb","itemListElement":[{"@type":"ListItem","position":1,"name":"Home","item":"https:\/\/visitcavaion.it\/"},{"@type":"ListItem","position":2,"name":"Sentiero del Monte San Michele","item":"https:\/\/visitcavaion.it\/itinerari__trashed\/sentiero-del-monte-san-michele\/"},{"@type":"ListItem","position":3,"name":"Stazione 9"}]},{"@type":"WebSite","@id":"https:\/\/visitcavaion.it\/#website","url":"https:\/\/visitcavaion.it\/","name":"Visit Cavaion","description":"Official Website","potentialAction":[{"@type":"SearchAction","target":{"@type":"EntryPoint","urlTemplate":"https:\/\/visitcavaion.it\/?s={search_term_string}"},"query-input":{"@type":"PropertyValueSpecification","valueRequired":true,"valueName":"search_term_string"}}],"inLanguage":"de"}]}},"_links":{"self":[{"href":"https:\/\/visitcavaion.it\/de\/wp-json\/wp\/v2\/pages\/43","targetHints":{"allow":["GET"]}}],"collection":[{"href":"https:\/\/visitcavaion.it\/de\/wp-json\/wp\/v2\/pages"}],"about":[{"href":"https:\/\/visitcavaion.it\/de\/wp-json\/wp\/v2\/types\/page"}],"author":[{"embeddable":true,"href":"https:\/\/visitcavaion.it\/de\/wp-json\/wp\/v2\/users\/1"}],"replies":[{"embeddable":true,"href":"https:\/\/visitcavaion.it\/de\/wp-json\/wp\/v2\/comments?post=43"}],"version-history":[{"count":5,"href":"https:\/\/visitcavaion.it\/de\/wp-json\/wp\/v2\/pages\/43\/revisions"}],"predecessor-version":[{"id":2141,"href":"https:\/\/visitcavaion.it\/de\/wp-json\/wp\/v2\/pages\/43\/revisions\/2141"}],"up":[{"embeddable":true,"href":"https:\/\/visitcavaion.it\/de\/wp-json\/wp\/v2\/pages\/30"}],"wp:attachment":[{"href":"https:\/\/visitcavaion.it\/de\/wp-json\/wp\/v2\/media?parent=43"}],"curies":[{"name":"wp","href":"https:\/\/api.w.org\/{rel}","templated":true}]}}