{"id":42,"date":"2023-03-03T11:09:17","date_gmt":"2023-03-03T10:09:17","guid":{"rendered":"https:\/\/visitcavaion.it\/?page_id=42"},"modified":"2023-04-27T16:40:59","modified_gmt":"2023-04-27T14:40:59","slug":"stazione-8","status":"publish","type":"page","link":"https:\/\/visitcavaion.it\/de\/sentiero-del-monte-san-michele\/stazione-8\/","title":{"rendered":"Stationen 8"},"content":{"rendered":"<div data-elementor-type=\"wp-page\" data-elementor-id=\"42\" class=\"elementor elementor-42\" data-elementor-post-type=\"page\">\n\t\t\t\t\t\t<section class=\"elementor-section elementor-top-section elementor-element elementor-element-416c5d8 elementor-section-boxed elementor-section-height-default elementor-section-height-default\" data-id=\"416c5d8\" data-element_type=\"section\" data-e-type=\"section\" data-settings=\"{&quot;background_background&quot;:&quot;classic&quot;}\">\n\t\t\t\t\t\t\t<div class=\"elementor-background-overlay\"><\/div>\n\t\t\t\t\t\t\t<div class=\"elementor-container elementor-column-gap-default\">\n\t\t\t\t\t<div class=\"elementor-column elementor-col-100 elementor-top-column elementor-element elementor-element-c657e16\" data-id=\"c657e16\" data-element_type=\"column\" data-e-type=\"column\" data-settings=\"{&quot;background_background&quot;:&quot;classic&quot;}\">\n\t\t\t<div class=\"elementor-widget-wrap elementor-element-populated\">\n\t\t\t\t\t\t<section class=\"elementor-section elementor-inner-section elementor-element elementor-element-74f0d7e elementor-section-boxed elementor-section-height-default elementor-section-height-default\" data-id=\"74f0d7e\" data-element_type=\"section\" data-e-type=\"section\">\n\t\t\t\t\t\t<div class=\"elementor-container elementor-column-gap-default\">\n\t\t\t\t\t<div class=\"elementor-column elementor-col-100 elementor-inner-column elementor-element elementor-element-32cb5f0\" data-id=\"32cb5f0\" data-element_type=\"column\" data-e-type=\"column\">\n\t\t\t<div class=\"elementor-widget-wrap elementor-element-populated\">\n\t\t\t\t\t\t<div class=\"elementor-element elementor-element-b9cb25f sfuma elementor-widget__width-auto elementor-widget elementor-widget-heading\" data-id=\"b9cb25f\" data-element_type=\"widget\" data-e-type=\"widget\" data-widget_type=\"heading.default\">\n\t\t\t\t<div class=\"elementor-widget-container\">\n\t\t\t\t\t<h2 class=\"elementor-heading-title elementor-size-default\">Stationen 8<\/h2>\t\t\t\t<\/div>\n\t\t\t\t<\/div>\n\t\t\t\t\t<\/div>\n\t\t<\/div>\n\t\t\t\t\t<\/div>\n\t\t<\/section>\n\t\t\t\t<div class=\"elementor-element elementor-element-a3e7025 elementor-absolute elementor-widget__width-auto elementor-widget elementor-widget-image\" data-id=\"a3e7025\" data-element_type=\"widget\" data-e-type=\"widget\" data-settings=\"{&quot;_position&quot;:&quot;absolute&quot;}\" data-widget_type=\"image.default\">\n\t\t\t\t<div class=\"elementor-widget-container\">\n\t\t\t\t\t\t\t\t\t\t\t\t\t\t\t<img decoding=\"async\" width=\"166\" height=\"164\" src=\"https:\/\/visitcavaion.it\/wp-content\/uploads\/2023\/03\/Group-79.png\" class=\"attachment-full size-full wp-image-284\" alt=\"\" \/>\t\t\t\t\t\t\t\t\t\t\t\t\t\t\t<\/div>\n\t\t\t\t<\/div>\n\t\t\t\t<div class=\"elementor-element elementor-element-c43f7ca elementor-hidden-desktop elementor-hidden-tablet elementor-widget elementor-widget-heading\" data-id=\"c43f7ca\" data-element_type=\"widget\" data-e-type=\"widget\" data-widget_type=\"heading.default\">\n\t\t\t\t<div class=\"elementor-widget-container\">\n\t\t\t\t\t<h2 class=\"elementor-heading-title elementor-size-default\">Home &gt;&gt; CTG El Preon &gt;&gt;<b> Weg des Monte San Michele<\/b><\/h2>\t\t\t\t<\/div>\n\t\t\t\t<\/div>\n\t\t\t\t<div class=\"elementor-element elementor-element-d103bf6 elementor-widget-divider--view-line_text elementor-widget-divider--element-align-right elementor-hidden-mobile elementor-widget elementor-widget-divider\" data-id=\"d103bf6\" data-element_type=\"widget\" data-e-type=\"widget\" data-widget_type=\"divider.default\">\n\t\t\t\t<div class=\"elementor-widget-container\">\n\t\t\t\t\t\t\t<div class=\"elementor-divider\">\n\t\t\t<span class=\"elementor-divider-separator\">\n\t\t\t\t\t\t\t<span class=\"elementor-divider__text elementor-divider__element\">\n\t\t\t\tHome >> CTG El Preon >><b> Weg des Monte San Michele<\/b>\t\t\t\t<\/span>\n\t\t\t\t\t\t<\/span>\n\t\t<\/div>\n\t\t\t\t\t\t<\/div>\n\t\t\t\t<\/div>\n\t\t\t\t<div class=\"elementor-element elementor-element-5d6dd09 elementor-widget elementor-widget-heading\" data-id=\"5d6dd09\" data-element_type=\"widget\" data-e-type=\"widget\" data-widget_type=\"heading.default\">\n\t\t\t\t<div class=\"elementor-widget-container\">\n\t\t\t\t\t<h2 class=\"elementor-heading-title elementor-size-default\">Das arch\u00e4ologische gebiet um die Bastei<\/h2>\t\t\t\t<\/div>\n\t\t\t\t<\/div>\n\t\t\t\t<div class=\"elementor-element elementor-element-1f590f2 text-sup elementor-widget elementor-widget-text-editor\" data-id=\"1f590f2\" data-element_type=\"widget\" data-e-type=\"widget\" data-widget_type=\"text-editor.default\">\n\t\t\t\t<div class=\"elementor-widget-container\">\n\t\t\t\t\t\t\t\t\t<p class=\"translation-block\">Die arch\u00e4ologischen Ausgrabungen begannen im Jahr 2003 dank eines Forschungs- und Aufwertungsprojekts, das von der Gemeinde Cavaion gef\u00f6rdert und von der damaligen Oberaufsichtsbeh\u00f6rde f\u00fcr das arch\u00e4ologische Kulturerbe Venetiens mit Unterst\u00fctzung der Region geleitet wurde. Sie brachten auf dem Gipfel des Monte San Michele eine mittelalterliche Siedlung zutage, die von Befestigungsanlagen umgeben war und sich \u00fcber mehrere Terrassen erstreckte. Auf der h\u00f6chsten Terrasse wurden Geb\u00e4ude mit Spuren von Feuerstellen und Lehmb\u00f6den freigelegt. Die betr\u00e4chtliche Gr\u00f6\u00dfe einiger R\u00e4ume, die in der Mitte von einem oder zwei Pfeilern gest\u00fctzt werden, deutet auf die dauerhafte Anwesenheit einer milit\u00e4rischen Garnison hin, die mit den Kriegsereignissen in diesem Gebiet w\u00e4hrend des Krieges von Venedig und Mantua gegen die Familie Da Carrara (1404) und dem anschlie\u00dfenden Krieg der Liga von Cambrai in Verbindung steht. Unterhalb des H\u00fcgels steht seit dem 11. Jahrhundert die Kirche San Michele, die f\u00fcr die Seelen der Einwohner von Cavaion und Incaffi bestimmt ist. Rund um die Kirche entwickelte sich seit ihrer Gr\u00fcndung ein Friedhofsbereich, der durch mehrere Bestattungen von Erwachsenen und Kindern in der nackten Erde dokumentiert ist und dessen Vorhandensein auch in einigen Testamenten aus dem 15. Jahrhundert und in den Aufzeichnungen der Pastoralbesuche festgehalten ist.\nDie Untersuchungen unterscheiden f\u00fcnf Bauphasen des Kirchenkomplexes zwischen dem Ende des 11. und dem 15. Jahrhundert.<\/p><p class=\"translation-block\"><b>PHASE (Ende 11. Jh.)<\/b>: Bau des ersten Kirchengeb\u00e4udes, das durch eine Apsis und ein 9 m langes Kirchenschiff gekennzeichnet ist.<\/p><p class=\"translation-block\"><b>PHASE (Ende 12. Jh.)<\/b>: Die urspr\u00fcngliche Westfassade wird abgerissen und das Kirchenschiff auf 13,60 m verl\u00e4ngert. Im Zuge der beiden romanischen Baustellen wurden im Inneren der Kirche zwei \u00d6fen zum Gie\u00dfen von Bronzeglocken errichtet.<\/p><p class=\"translation-block\"><b>PHASE (13. Jh.)<\/b>: Die Kirche wurde nach Norden hin um eine zweite Apsis erweitert. Diese Phase kann dank bedeutender M\u00fcnzfunde in dieses Jahrhundert eingeordnet werden.<\/p><p class=\"translation-block\"><b>PHASE (14. Jh.)<\/b>: An der Nordseite der Kirche wird ein Wohnkomplex f\u00fcr die Einsiedler errichtet, der aus kleinen R\u00e4umen besteht, die eine gro\u00dfe rechteckige Fl\u00e4che umgeben, die teils bebaut ist, teils einen Hof und teils einen Friedhof beherbergt.<\/p><p class=\"translation-block\"><b>PHASE (15. Jh.)<\/b>: Der gesamte Wohnkomplex wurde um den zentralen Hof herum umgestaltet, der mit einem Brunnen im venezianischen Stil ausgestattet war.<\/p><p class=\"translation-block\">Urkunden \u00fcber Pastoralbesuche zwischen dem 16. und 18. Jahrhundert bezeugen weiterhin die - wenn auch sporadische - Anwesenheit der Kirche, nachdem die Pfarrkirche St. Johannes der T\u00e4ufer seit dem 14. Jahrhundert als Pfarrei anerkannt war.\nZu Beginn des 18. Jahrhunderts von franz\u00f6sischen Soldaten schwer besch\u00e4digt, wurde die Kirche sp\u00e4ter wieder aufgebaut, erlitt jedoch in der Folgezeit einen derartigen Verfall, dass sie 1807, als sie nach den napoleonischen Unterdr\u00fcckungen vom k\u00f6niglichen Staat \u00fcbernommen wurde, hoffnungslos bauf\u00e4llig war und in Tr\u00fcmmern lag. Einige der heiligen Steine wurden in den ersten Jahrzehnten des 19. Jahrhunderts beim Bau der neuen Pfarrkirche von Cavaion wiederverwendet.<\/p>\t\t\t\t\t\t\t\t<\/div>\n\t\t\t\t<\/div>\n\t\t\t\t\t<\/div>\n\t\t<\/div>\n\t\t\t\t\t<\/div>\n\t\t<\/section>\n\t\t\t\t<section class=\"elementor-section elementor-top-section elementor-element elementor-element-02d7b9e elementor-section-boxed elementor-section-height-default elementor-section-height-default\" data-id=\"02d7b9e\" data-element_type=\"section\" data-e-type=\"section\">\n\t\t\t\t\t\t<div class=\"elementor-container elementor-column-gap-default\">\n\t\t\t\t\t<div class=\"elementor-column elementor-col-50 elementor-top-column elementor-element elementor-element-b47b3cf\" data-id=\"b47b3cf\" data-element_type=\"column\" data-e-type=\"column\">\n\t\t\t<div class=\"elementor-widget-wrap elementor-element-populated\">\n\t\t\t\t\t\t<div class=\"elementor-element elementor-element-27fee12 elementor-widget elementor-widget-image\" data-id=\"27fee12\" data-element_type=\"widget\" data-e-type=\"widget\" data-widget_type=\"image.default\">\n\t\t\t\t<div class=\"elementor-widget-container\">\n\t\t\t\t\t\t\t\t\t\t\t\t\t\t\t<img fetchpriority=\"high\" decoding=\"async\" width=\"2560\" height=\"1522\" src=\"https:\/\/visitcavaion.it\/wp-content\/uploads\/2023\/04\/STAZIONE-8-MAP-scaled.jpg\" class=\"attachment-full size-full wp-image-647\" alt=\"\" srcset=\"https:\/\/visitcavaion.it\/wp-content\/uploads\/2023\/04\/STAZIONE-8-MAP-scaled.jpg 2560w, https:\/\/visitcavaion.it\/wp-content\/uploads\/2023\/04\/STAZIONE-8-MAP-300x178.jpg 300w, https:\/\/visitcavaion.it\/wp-content\/uploads\/2023\/04\/STAZIONE-8-MAP-1024x609.jpg 1024w, https:\/\/visitcavaion.it\/wp-content\/uploads\/2023\/04\/STAZIONE-8-MAP-768x457.jpg 768w, https:\/\/visitcavaion.it\/wp-content\/uploads\/2023\/04\/STAZIONE-8-MAP-1536x913.jpg 1536w, https:\/\/visitcavaion.it\/wp-content\/uploads\/2023\/04\/STAZIONE-8-MAP-2048x1218.jpg 2048w\" sizes=\"(max-width: 2560px) 100vw, 2560px\" \/>\t\t\t\t\t\t\t\t\t\t\t\t\t\t\t<\/div>\n\t\t\t\t<\/div>\n\t\t\t\t\t<\/div>\n\t\t<\/div>\n\t\t\t\t<div class=\"elementor-column elementor-col-50 elementor-top-column elementor-element elementor-element-8791a7a\" data-id=\"8791a7a\" data-element_type=\"column\" data-e-type=\"column\">\n\t\t\t<div class=\"elementor-widget-wrap elementor-element-populated\">\n\t\t\t\t\t\t<div class=\"elementor-element elementor-element-05dc3f4 elementor-widget elementor-widget-text-editor\" data-id=\"05dc3f4\" data-element_type=\"widget\" data-e-type=\"widget\" data-widget_type=\"text-editor.default\">\n\t\t\t\t<div class=\"elementor-widget-container\">\n\t\t\t\t\t\t\t\t\t<p>1. Hauptschiff <br \/>2. Glockenguss\u00f6fen <br \/>3. Seitenschiff <br \/>4. Erste apsis <br \/>5. Zweite apsis <br \/>6. Venezianischer brunnen <br \/>7. Wohnkomplex <br \/>8. Friedhofgel\u00e4nde<\/p>\t\t\t\t\t\t\t\t<\/div>\n\t\t\t\t<\/div>\n\t\t\t\t\t<\/div>\n\t\t<\/div>\n\t\t\t\t\t<\/div>\n\t\t<\/section>\n\t\t\t\t<section class=\"elementor-section elementor-top-section elementor-element elementor-element-1458c37 elementor-section-boxed elementor-section-height-default elementor-section-height-default\" data-id=\"1458c37\" data-element_type=\"section\" data-e-type=\"section\">\n\t\t\t\t\t\t<div class=\"elementor-container elementor-column-gap-default\">\n\t\t\t\t\t<div class=\"elementor-column elementor-col-100 elementor-top-column elementor-element elementor-element-0070642\" data-id=\"0070642\" data-element_type=\"column\" data-e-type=\"column\">\n\t\t\t<div class=\"elementor-widget-wrap elementor-element-populated\">\n\t\t\t\t\t\t<div class=\"elementor-element elementor-element-3b1ba19 elementor-widget elementor-widget-text-editor\" data-id=\"3b1ba19\" data-element_type=\"widget\" data-e-type=\"widget\" data-widget_type=\"text-editor.default\">\n\t\t\t\t<div class=\"elementor-widget-container\">\n\t\t\t\t\t\t\t\t\t<p>The publication of the historical-archaeological information has been authorized by the Superintendence SABAP VR-RO-VI<\/p>\t\t\t\t\t\t\t\t<\/div>\n\t\t\t\t<\/div>\n\t\t\t\t\t<\/div>\n\t\t<\/div>\n\t\t\t\t\t<\/div>\n\t\t<\/section>\n\t\t\t\t<section class=\"elementor-section elementor-top-section elementor-element elementor-element-bd56807 elementor-section-boxed elementor-section-height-default elementor-section-height-default\" data-id=\"bd56807\" data-element_type=\"section\" data-e-type=\"section\">\n\t\t\t\t\t\t<div class=\"elementor-container elementor-column-gap-default\">\n\t\t\t\t\t<div class=\"elementor-column elementor-col-100 elementor-top-column elementor-element elementor-element-bf44bdf\" data-id=\"bf44bdf\" data-element_type=\"column\" data-e-type=\"column\">\n\t\t\t<div class=\"elementor-widget-wrap elementor-element-populated\">\n\t\t\t\t\t\t<div class=\"elementor-element elementor-element-087d621 elementor-widget elementor-widget-text-editor\" data-id=\"087d621\" data-element_type=\"widget\" data-e-type=\"widget\" data-widget_type=\"text-editor.default\">\n\t\t\t\t<div class=\"elementor-widget-container\">\n\t\t\t\t\t\t\t\t\t<p class=\"translation-block\">Die Gruppe CTG El Preon APS hat beschlossen, diese Route zwischen Natur, Geschichte und Tradition einem ihrer Gr\u00fcndungsmitglieder, Romano Giacomelli, zu widmen. Dieser hat sich unerm\u00fcdlich f\u00fcr die Kultur und die Bildung in Cavaion eingesetzt und ist 2022 verstorben.<\/p>\t\t\t\t\t\t\t\t<\/div>\n\t\t\t\t<\/div>\n\t\t\t\t\t<\/div>\n\t\t<\/div>\n\t\t\t\t\t<\/div>\n\t\t<\/section>\n\t\t\t\t<section class=\"elementor-section elementor-top-section elementor-element elementor-element-832c514 elementor-hidden-desktop elementor-section-boxed elementor-section-height-default elementor-section-height-default\" data-id=\"832c514\" data-element_type=\"section\" data-e-type=\"section\">\n\t\t\t\t\t\t<div class=\"elementor-container elementor-column-gap-default\">\n\t\t\t\t\t<div class=\"elementor-column elementor-col-100 elementor-top-column elementor-element elementor-element-f40b93e\" data-id=\"f40b93e\" data-element_type=\"column\" data-e-type=\"column\">\n\t\t\t<div class=\"elementor-widget-wrap elementor-element-populated\">\n\t\t\t\t\t\t<div class=\"elementor-element elementor-element-84d0d9e elementor-icon-list--layout-inline elementor-mobile-align-center elementor-widget-mobile__width-auto elementor-fixed elementor-list-item-link-full_width elementor-widget elementor-widget-icon-list\" data-id=\"84d0d9e\" data-element_type=\"widget\" data-e-type=\"widget\" data-settings=\"{&quot;_position&quot;:&quot;fixed&quot;}\" data-widget_type=\"icon-list.default\">\n\t\t\t\t<div class=\"elementor-widget-container\">\n\t\t\t\t\t\t\t<ul class=\"elementor-icon-list-items elementor-inline-items\">\n\t\t\t\t\t\t\t<li class=\"elementor-icon-list-item elementor-inline-item\">\n\t\t\t\t\t\t\t\t\t\t\t<a href=\"https:\/\/visitcavaion.it\/de\/ctg-el-preon\/sentiero-del-monte-san-michele\/stazione-7\/\">\n\n\t\t\t\t\t\t\t\t\t\t\t\t<span class=\"elementor-icon-list-icon\">\n\t\t\t\t\t\t\t<i aria-hidden=\"true\" class=\"far fa-arrow-alt-circle-left\"><\/i>\t\t\t\t\t\t<\/span>\n\t\t\t\t\t\t\t\t\t\t<span class=\"elementor-icon-list-text\"><\/span>\n\t\t\t\t\t\t\t\t\t\t\t<\/a>\n\t\t\t\t\t\t\t\t\t<\/li>\n\t\t\t\t\t\t\t\t<li class=\"elementor-icon-list-item elementor-inline-item\">\n\t\t\t\t\t\t\t\t\t\t\t<a href=\"https:\/\/visitcavaion.it\/de\/ctg-el-preon\/sentiero-del-monte-san-michele\/stazione-9\/\">\n\n\t\t\t\t\t\t\t\t\t\t\t\t<span class=\"elementor-icon-list-icon\">\n\t\t\t\t\t\t\t<i aria-hidden=\"true\" class=\"far fa-arrow-alt-circle-right\"><\/i>\t\t\t\t\t\t<\/span>\n\t\t\t\t\t\t\t\t\t\t<span class=\"elementor-icon-list-text\"><\/span>\n\t\t\t\t\t\t\t\t\t\t\t<\/a>\n\t\t\t\t\t\t\t\t\t<\/li>\n\t\t\t\t\t\t<\/ul>\n\t\t\t\t\t\t<\/div>\n\t\t\t\t<\/div>\n\t\t\t\t\t<\/div>\n\t\t<\/div>\n\t\t\t\t\t<\/div>\n\t\t<\/section>\n\t\t\t\t<\/div>","protected":false},"excerpt":{"rendered":"<p>Stazione 8 Home >> CTG El Preon >> Sentiero del Monte San Michele Home >> CTG El Preon >> Sentiero del Monte San Michele La Bastia area archeologica Gli scavi archeologici sono iniziati nel 2003, grazie ad un progetto di ricerca e di valorizzazione promosso dal Comune di Cavaion e diretto dall\u2019allora Soprintendenza per i [&hellip;]<\/p>\n","protected":false},"author":1,"featured_media":0,"parent":30,"menu_order":0,"comment_status":"closed","ping_status":"closed","template":"","meta":{"footnotes":""},"class_list":["post-42","page","type-page","status-publish","hentry"],"yoast_head":"<!-- This site is optimized with the Yoast SEO plugin v27.6 - https:\/\/yoast.com\/product\/yoast-seo-wordpress\/ -->\n<title>Stazione 8 - Visit Cavaion<\/title>\n<meta name=\"robots\" content=\"index, follow, max-snippet:-1, max-image-preview:large, max-video-preview:-1\" \/>\n<link rel=\"canonical\" href=\"https:\/\/visitcavaion.it\/de\/itinerari__trashed\/sentiero-del-monte-san-michele\/stazione-8\/\" \/>\n<meta property=\"og:locale\" content=\"de_DE\" \/>\n<meta property=\"og:type\" content=\"article\" \/>\n<meta property=\"og:title\" content=\"Stazione 8 - Visit Cavaion\" \/>\n<meta property=\"og:description\" content=\"Stazione 8 Home &gt;&gt; CTG El Preon &gt;&gt; Sentiero del Monte San Michele Home &gt;&gt; CTG El Preon &gt;&gt; Sentiero del Monte San Michele La Bastia area archeologica Gli scavi archeologici sono iniziati nel 2003, grazie ad un progetto di ricerca e di valorizzazione promosso dal Comune di Cavaion e diretto dall\u2019allora Soprintendenza per i [&hellip;]\" \/>\n<meta property=\"og:url\" content=\"https:\/\/visitcavaion.it\/de\/itinerari__trashed\/sentiero-del-monte-san-michele\/stazione-8\/\" \/>\n<meta property=\"og:site_name\" content=\"Visit Cavaion\" \/>\n<meta property=\"article:modified_time\" content=\"2023-04-27T14:40:59+00:00\" \/>\n<meta property=\"og:image\" content=\"https:\/\/visitcavaion.it\/wp-content\/uploads\/2023\/03\/Group-79.png\" \/>\n<meta name=\"twitter:card\" content=\"summary_large_image\" \/>\n<meta name=\"twitter:label1\" content=\"Gesch\u00e4tzte Lesezeit\" \/>\n\t<meta name=\"twitter:data1\" content=\"4\u00a0Minuten\" \/>\n<script type=\"application\/ld+json\" class=\"yoast-schema-graph\">{\"@context\":\"https:\\\/\\\/schema.org\",\"@graph\":[{\"@type\":\"WebPage\",\"@id\":\"https:\\\/\\\/visitcavaion.it\\\/itinerari__trashed\\\/sentiero-del-monte-san-michele\\\/stazione-8\\\/\",\"url\":\"https:\\\/\\\/visitcavaion.it\\\/itinerari__trashed\\\/sentiero-del-monte-san-michele\\\/stazione-8\\\/\",\"name\":\"Stazione 8 - Visit Cavaion\",\"isPartOf\":{\"@id\":\"https:\\\/\\\/visitcavaion.it\\\/#website\"},\"primaryImageOfPage\":{\"@id\":\"https:\\\/\\\/visitcavaion.it\\\/itinerari__trashed\\\/sentiero-del-monte-san-michele\\\/stazione-8\\\/#primaryimage\"},\"image\":{\"@id\":\"https:\\\/\\\/visitcavaion.it\\\/itinerari__trashed\\\/sentiero-del-monte-san-michele\\\/stazione-8\\\/#primaryimage\"},\"thumbnailUrl\":\"https:\\\/\\\/visitcavaion.it\\\/wp-content\\\/uploads\\\/2023\\\/03\\\/Group-79.png\",\"datePublished\":\"2023-03-03T10:09:17+00:00\",\"dateModified\":\"2023-04-27T14:40:59+00:00\",\"breadcrumb\":{\"@id\":\"https:\\\/\\\/visitcavaion.it\\\/itinerari__trashed\\\/sentiero-del-monte-san-michele\\\/stazione-8\\\/#breadcrumb\"},\"inLanguage\":\"de\",\"potentialAction\":[{\"@type\":\"ReadAction\",\"target\":[\"https:\\\/\\\/visitcavaion.it\\\/itinerari__trashed\\\/sentiero-del-monte-san-michele\\\/stazione-8\\\/\"]}]},{\"@type\":\"ImageObject\",\"inLanguage\":\"de\",\"@id\":\"https:\\\/\\\/visitcavaion.it\\\/itinerari__trashed\\\/sentiero-del-monte-san-michele\\\/stazione-8\\\/#primaryimage\",\"url\":\"https:\\\/\\\/visitcavaion.it\\\/wp-content\\\/uploads\\\/2023\\\/03\\\/Group-79.png\",\"contentUrl\":\"https:\\\/\\\/visitcavaion.it\\\/wp-content\\\/uploads\\\/2023\\\/03\\\/Group-79.png\"},{\"@type\":\"BreadcrumbList\",\"@id\":\"https:\\\/\\\/visitcavaion.it\\\/itinerari__trashed\\\/sentiero-del-monte-san-michele\\\/stazione-8\\\/#breadcrumb\",\"itemListElement\":[{\"@type\":\"ListItem\",\"position\":1,\"name\":\"Home\",\"item\":\"https:\\\/\\\/visitcavaion.it\\\/\"},{\"@type\":\"ListItem\",\"position\":2,\"name\":\"Sentiero del Monte San Michele\",\"item\":\"https:\\\/\\\/visitcavaion.it\\\/itinerari__trashed\\\/sentiero-del-monte-san-michele\\\/\"},{\"@type\":\"ListItem\",\"position\":3,\"name\":\"Stazione 8\"}]},{\"@type\":\"WebSite\",\"@id\":\"https:\\\/\\\/visitcavaion.it\\\/#website\",\"url\":\"https:\\\/\\\/visitcavaion.it\\\/\",\"name\":\"Visit Cavaion\",\"description\":\"Official Website\",\"potentialAction\":[{\"@type\":\"SearchAction\",\"target\":{\"@type\":\"EntryPoint\",\"urlTemplate\":\"https:\\\/\\\/visitcavaion.it\\\/?s={search_term_string}\"},\"query-input\":{\"@type\":\"PropertyValueSpecification\",\"valueRequired\":true,\"valueName\":\"search_term_string\"}}],\"inLanguage\":\"de\"}]}<\/script>\n<!-- \/ Yoast SEO plugin. -->","yoast_head_json":{"title":"Stazione 8 - Visit Cavaion","robots":{"index":"index","follow":"follow","max-snippet":"max-snippet:-1","max-image-preview":"max-image-preview:large","max-video-preview":"max-video-preview:-1"},"canonical":"https:\/\/visitcavaion.it\/de\/itinerari__trashed\/sentiero-del-monte-san-michele\/stazione-8\/","og_locale":"de_DE","og_type":"article","og_title":"Stazione 8 - Visit Cavaion","og_description":"Stazione 8 Home >> CTG El Preon >> Sentiero del Monte San Michele Home >> CTG El Preon >> Sentiero del Monte San Michele La Bastia area archeologica Gli scavi archeologici sono iniziati nel 2003, grazie ad un progetto di ricerca e di valorizzazione promosso dal Comune di Cavaion e diretto dall\u2019allora Soprintendenza per i [&hellip;]","og_url":"https:\/\/visitcavaion.it\/de\/itinerari__trashed\/sentiero-del-monte-san-michele\/stazione-8\/","og_site_name":"Visit Cavaion","article_modified_time":"2023-04-27T14:40:59+00:00","og_image":[{"url":"https:\/\/visitcavaion.it\/wp-content\/uploads\/2023\/03\/Group-79.png","type":"","width":"","height":""}],"twitter_card":"summary_large_image","twitter_misc":{"Gesch\u00e4tzte Lesezeit":"4\u00a0Minuten"},"schema":{"@context":"https:\/\/schema.org","@graph":[{"@type":"WebPage","@id":"https:\/\/visitcavaion.it\/itinerari__trashed\/sentiero-del-monte-san-michele\/stazione-8\/","url":"https:\/\/visitcavaion.it\/itinerari__trashed\/sentiero-del-monte-san-michele\/stazione-8\/","name":"Stazione 8 - Visit Cavaion","isPartOf":{"@id":"https:\/\/visitcavaion.it\/#website"},"primaryImageOfPage":{"@id":"https:\/\/visitcavaion.it\/itinerari__trashed\/sentiero-del-monte-san-michele\/stazione-8\/#primaryimage"},"image":{"@id":"https:\/\/visitcavaion.it\/itinerari__trashed\/sentiero-del-monte-san-michele\/stazione-8\/#primaryimage"},"thumbnailUrl":"https:\/\/visitcavaion.it\/wp-content\/uploads\/2023\/03\/Group-79.png","datePublished":"2023-03-03T10:09:17+00:00","dateModified":"2023-04-27T14:40:59+00:00","breadcrumb":{"@id":"https:\/\/visitcavaion.it\/itinerari__trashed\/sentiero-del-monte-san-michele\/stazione-8\/#breadcrumb"},"inLanguage":"de","potentialAction":[{"@type":"ReadAction","target":["https:\/\/visitcavaion.it\/itinerari__trashed\/sentiero-del-monte-san-michele\/stazione-8\/"]}]},{"@type":"ImageObject","inLanguage":"de","@id":"https:\/\/visitcavaion.it\/itinerari__trashed\/sentiero-del-monte-san-michele\/stazione-8\/#primaryimage","url":"https:\/\/visitcavaion.it\/wp-content\/uploads\/2023\/03\/Group-79.png","contentUrl":"https:\/\/visitcavaion.it\/wp-content\/uploads\/2023\/03\/Group-79.png"},{"@type":"BreadcrumbList","@id":"https:\/\/visitcavaion.it\/itinerari__trashed\/sentiero-del-monte-san-michele\/stazione-8\/#breadcrumb","itemListElement":[{"@type":"ListItem","position":1,"name":"Home","item":"https:\/\/visitcavaion.it\/"},{"@type":"ListItem","position":2,"name":"Sentiero del Monte San Michele","item":"https:\/\/visitcavaion.it\/itinerari__trashed\/sentiero-del-monte-san-michele\/"},{"@type":"ListItem","position":3,"name":"Stazione 8"}]},{"@type":"WebSite","@id":"https:\/\/visitcavaion.it\/#website","url":"https:\/\/visitcavaion.it\/","name":"Visit Cavaion","description":"Official Website","potentialAction":[{"@type":"SearchAction","target":{"@type":"EntryPoint","urlTemplate":"https:\/\/visitcavaion.it\/?s={search_term_string}"},"query-input":{"@type":"PropertyValueSpecification","valueRequired":true,"valueName":"search_term_string"}}],"inLanguage":"de"}]}},"_links":{"self":[{"href":"https:\/\/visitcavaion.it\/de\/wp-json\/wp\/v2\/pages\/42","targetHints":{"allow":["GET"]}}],"collection":[{"href":"https:\/\/visitcavaion.it\/de\/wp-json\/wp\/v2\/pages"}],"about":[{"href":"https:\/\/visitcavaion.it\/de\/wp-json\/wp\/v2\/types\/page"}],"author":[{"embeddable":true,"href":"https:\/\/visitcavaion.it\/de\/wp-json\/wp\/v2\/users\/1"}],"replies":[{"embeddable":true,"href":"https:\/\/visitcavaion.it\/de\/wp-json\/wp\/v2\/comments?post=42"}],"version-history":[{"count":5,"href":"https:\/\/visitcavaion.it\/de\/wp-json\/wp\/v2\/pages\/42\/revisions"}],"predecessor-version":[{"id":2138,"href":"https:\/\/visitcavaion.it\/de\/wp-json\/wp\/v2\/pages\/42\/revisions\/2138"}],"up":[{"embeddable":true,"href":"https:\/\/visitcavaion.it\/de\/wp-json\/wp\/v2\/pages\/30"}],"wp:attachment":[{"href":"https:\/\/visitcavaion.it\/de\/wp-json\/wp\/v2\/media?parent=42"}],"curies":[{"name":"wp","href":"https:\/\/api.w.org\/{rel}","templated":true}]}}