{"id":41,"date":"2023-03-03T11:32:20","date_gmt":"2023-03-03T10:32:20","guid":{"rendered":"https:\/\/visitcavaion.it\/?page_id=41"},"modified":"2023-04-27T16:40:55","modified_gmt":"2023-04-27T14:40:55","slug":"stazione-7","status":"publish","type":"page","link":"https:\/\/visitcavaion.it\/de\/sentiero-del-monte-san-michele\/stazione-7\/","title":{"rendered":"Stationen 7"},"content":{"rendered":"<div data-elementor-type=\"wp-page\" data-elementor-id=\"41\" class=\"elementor elementor-41\" data-elementor-post-type=\"page\">\n\t\t\t\t\t\t<section class=\"elementor-section elementor-top-section elementor-element elementor-element-bd4f347 elementor-section-boxed elementor-section-height-default elementor-section-height-default\" data-id=\"bd4f347\" data-element_type=\"section\" data-e-type=\"section\" data-settings=\"{&quot;background_background&quot;:&quot;classic&quot;}\">\n\t\t\t\t\t\t\t<div class=\"elementor-background-overlay\"><\/div>\n\t\t\t\t\t\t\t<div class=\"elementor-container elementor-column-gap-default\">\n\t\t\t\t\t<div class=\"elementor-column elementor-col-100 elementor-top-column elementor-element elementor-element-7dea4d1\" data-id=\"7dea4d1\" data-element_type=\"column\" data-e-type=\"column\" data-settings=\"{&quot;background_background&quot;:&quot;classic&quot;}\">\n\t\t\t<div class=\"elementor-widget-wrap elementor-element-populated\">\n\t\t\t\t\t\t<section class=\"elementor-section elementor-inner-section elementor-element elementor-element-238241c elementor-section-boxed elementor-section-height-default elementor-section-height-default\" data-id=\"238241c\" data-element_type=\"section\" data-e-type=\"section\">\n\t\t\t\t\t\t<div class=\"elementor-container elementor-column-gap-default\">\n\t\t\t\t\t<div class=\"elementor-column elementor-col-100 elementor-inner-column elementor-element elementor-element-1ccfde8\" data-id=\"1ccfde8\" data-element_type=\"column\" data-e-type=\"column\">\n\t\t\t<div class=\"elementor-widget-wrap elementor-element-populated\">\n\t\t\t\t\t\t<div class=\"elementor-element elementor-element-3a15660 sfuma elementor-widget__width-auto elementor-widget elementor-widget-heading\" data-id=\"3a15660\" data-element_type=\"widget\" data-e-type=\"widget\" data-widget_type=\"heading.default\">\n\t\t\t\t<div class=\"elementor-widget-container\">\n\t\t\t\t\t<h2 class=\"elementor-heading-title elementor-size-default\">Stationen 7<\/h2>\t\t\t\t<\/div>\n\t\t\t\t<\/div>\n\t\t\t\t\t<\/div>\n\t\t<\/div>\n\t\t\t\t\t<\/div>\n\t\t<\/section>\n\t\t\t\t<div class=\"elementor-element elementor-element-265771d elementor-absolute elementor-widget__width-auto elementor-widget elementor-widget-image\" data-id=\"265771d\" data-element_type=\"widget\" data-e-type=\"widget\" data-settings=\"{&quot;_position&quot;:&quot;absolute&quot;}\" data-widget_type=\"image.default\">\n\t\t\t\t<div class=\"elementor-widget-container\">\n\t\t\t\t\t\t\t\t\t\t\t\t\t\t\t<img decoding=\"async\" width=\"166\" height=\"164\" src=\"https:\/\/visitcavaion.it\/wp-content\/uploads\/2023\/03\/Group-79.png\" class=\"attachment-full size-full wp-image-284\" alt=\"\" \/>\t\t\t\t\t\t\t\t\t\t\t\t\t\t\t<\/div>\n\t\t\t\t<\/div>\n\t\t\t\t<div class=\"elementor-element elementor-element-b753a8c elementor-hidden-desktop elementor-hidden-tablet elementor-widget elementor-widget-heading\" data-id=\"b753a8c\" data-element_type=\"widget\" data-e-type=\"widget\" data-widget_type=\"heading.default\">\n\t\t\t\t<div class=\"elementor-widget-container\">\n\t\t\t\t\t<h2 class=\"elementor-heading-title elementor-size-default\">Home &gt;&gt; CTG El Preon &gt;&gt;<b> Weg des Monte San Michele<\/b><\/h2>\t\t\t\t<\/div>\n\t\t\t\t<\/div>\n\t\t\t\t<div class=\"elementor-element elementor-element-0a31493 elementor-widget-divider--view-line_text elementor-widget-divider--element-align-right elementor-hidden-mobile elementor-widget elementor-widget-divider\" data-id=\"0a31493\" data-element_type=\"widget\" data-e-type=\"widget\" data-widget_type=\"divider.default\">\n\t\t\t\t<div class=\"elementor-widget-container\">\n\t\t\t\t\t\t\t<div class=\"elementor-divider\">\n\t\t\t<span class=\"elementor-divider-separator\">\n\t\t\t\t\t\t\t<span class=\"elementor-divider__text elementor-divider__element\">\n\t\t\t\tHome >> CTG El Preon >><b> Weg des Monte San Michele<\/b>\t\t\t\t<\/span>\n\t\t\t\t\t\t<\/span>\n\t\t<\/div>\n\t\t\t\t\t\t<\/div>\n\t\t\t\t<\/div>\n\t\t\t\t<div class=\"elementor-element elementor-element-f0d50a9 elementor-widget elementor-widget-heading\" data-id=\"f0d50a9\" data-element_type=\"widget\" data-e-type=\"widget\" data-widget_type=\"heading.default\">\n\t\t\t\t<div class=\"elementor-widget-container\">\n\t\t\t\t\t<h2 class=\"elementor-heading-title elementor-size-default\">Blick auf Punta San Vigilio<\/h2>\t\t\t\t<\/div>\n\t\t\t\t<\/div>\n\t\t\t\t<div class=\"elementor-element elementor-element-e971ca2 text-sup elementor-widget elementor-widget-text-editor\" data-id=\"e971ca2\" data-element_type=\"widget\" data-e-type=\"widget\" data-widget_type=\"text-editor.default\">\n\t\t\t\t<div class=\"elementor-widget-container\">\n\t\t\t\t\t\t\t\t\t<p>\"Im sch\u00f6nen Welschland liegt am Fu\u00df der Alpen,\nDie gen Tirol das deutsche Land verschlie\u00dfen,\nEin gro\u00dfer See, den man Benaco nennet.\"\nDante Alighieri, Die G\u00f6ttliche Kom\u00f6die, Die H\u00f6lle, 20. Gesang (61-63)<\/p><p><strong>OLIVENBAUM<\/strong><br \/><strong>Olea europea, Famiglia Oleaceae.<\/strong> Es handelt sich um eine typisch mediterrane Art, die im ersten Jahrtausend v. Chr. aus Griechenland eingef\u00fchrt wurde. Die Frucht, die Olive, kann in Salzlake konserviert werden und bildete daher zusammen mit Brot eines der Grundnahrungsmittel der Mittelmeerv\u00f6lker. Oliven werden jedoch haupts\u00e4chlich f\u00fcr die Gewinnung von \u00d6l verwendet. In unserer Gegend wird dank des milden Klimas am Gardasee sehr viel angebaut.\nDas sehr harte und gut polierbare Holz wird f\u00fcr Tischler-, Drechsler- und Intarsienarbeiten verwendet.<br \/>FUSTO: corteccia grigia, tronco nodoso e torto.<br \/>FOGLIE: lanceolate, coriacee, colore verde scuro sopra e grigio-argento sotto.<br \/>FIORI: piccoli e bianchi, con due stami dalle punte gialle, in pannocchie; compaiono tra aprile e giugno.<br \/>FRUTTI: drupe ovali, contenenti un unico grosso seme, di colore dal verde al nero quando maturano.<br \/><b><br \/>Der Olivenbaum im Mythos<\/b><br \/>Der Olivenbaum ist das Brot der Armen, er ist eine den G\u00f6ttern wohlgef\u00e4llige Nahrung, eine Quelle des Lichts und Balsam f\u00fcr den K\u00f6rper.\nAuf der Akropolis in Athen, Griechenland, war er ein Objekt der Verehrung und die aus seinen Zweigen geformte Krone war ein Preis f\u00fcr die Sieger der Olympischen Spiele. Nach der Sintflut trug eine Taube ein Olivenblatt zu Noah auf die Arche als Zeichen des Friedens und als Symbol der gro\u00dfen Hoffnung. Es ist ein wesentliches Element verschiedener religi\u00f6ser Zeremonien: Es weiht die Diener des Gottesdienstes, macht Kranke und S\u00e4uglinge rein und best\u00e4tigt den Glauben der Konfirmierten. In der antiken Medizin wurden die Bl\u00e4tter und Bl\u00fcten des Olivenbaums wegen ihrer adstringierenden und reinigenden Wirkung gesch\u00e4tzt; in unserer Volkstradition wurden die Bl\u00e4tter in Aufg\u00fcssen verwendet, um den Blutdruck zu senken, und Oliven\u00f6l wurde als Bestandteil vieler Rezepte und medizinischer Salben verwendet.<\/p><p><strong>EICHE<\/strong><br \/>Die Flaumeiche ist der typische Eichenbaum der H\u00fcgel- und Mittelgebirgsw\u00e4lder; sie w\u00e4chst sehr langsam und wird traditionell gef\u00e4llt, um in kurzer Zeit Brennholz und Holzkohle zu gewinnen. Eicheln sind s\u00fc\u00df und wurden fr\u00fcher als Schweinefutter verwendet. Sie wurden auch in Kriegs- und Hungerzeiten als Nahrungsmittel verwendet.<br \/>FUSTO: albero a chioma espansa alto fino a 25 m.<br \/>FOGLIE: alterne, forma ovale allungata, il margine \u00e8 diviso in 5-7 paia di lobi interni.<br \/>FIORI: i fiori maschili sono riuniti in amenti penduli, quelli femminili sono solitari o a gruppi di 2-4.<br \/>FRUTTO: il frutto \u00e8 una ghianda coperta fino a met\u00e0 da una cupola di scaglie appressate.<\/p>\t\t\t\t\t\t\t\t<\/div>\n\t\t\t\t<\/div>\n\t\t\t\t\t<\/div>\n\t\t<\/div>\n\t\t\t\t\t<\/div>\n\t\t<\/section>\n\t\t\t\t<section class=\"elementor-section elementor-top-section elementor-element elementor-element-387acc8 elementor-section-boxed elementor-section-height-default elementor-section-height-default\" data-id=\"387acc8\" data-element_type=\"section\" data-e-type=\"section\">\n\t\t\t\t\t\t<div class=\"elementor-container elementor-column-gap-default\">\n\t\t\t\t\t<div class=\"elementor-column elementor-col-100 elementor-top-column elementor-element elementor-element-8c2fc24\" data-id=\"8c2fc24\" data-element_type=\"column\" data-e-type=\"column\">\n\t\t\t<div class=\"elementor-widget-wrap elementor-element-populated\">\n\t\t\t\t\t\t<div class=\"elementor-element elementor-element-62d5e44 elementor-widget elementor-widget-image\" data-id=\"62d5e44\" data-element_type=\"widget\" data-e-type=\"widget\" data-widget_type=\"image.default\">\n\t\t\t\t<div class=\"elementor-widget-container\">\n\t\t\t\t\t\t\t\t\t\t\t\t\t\t\t<img fetchpriority=\"high\" decoding=\"async\" width=\"2000\" height=\"800\" src=\"https:\/\/visitcavaion.it\/wp-content\/uploads\/2023\/04\/stazione-7-mappa.png\" class=\"attachment-full size-full wp-image-643\" alt=\"\" srcset=\"https:\/\/visitcavaion.it\/wp-content\/uploads\/2023\/04\/stazione-7-mappa.png 2000w, https:\/\/visitcavaion.it\/wp-content\/uploads\/2023\/04\/stazione-7-mappa-300x120.png 300w, https:\/\/visitcavaion.it\/wp-content\/uploads\/2023\/04\/stazione-7-mappa-1024x410.png 1024w, https:\/\/visitcavaion.it\/wp-content\/uploads\/2023\/04\/stazione-7-mappa-768x307.png 768w, https:\/\/visitcavaion.it\/wp-content\/uploads\/2023\/04\/stazione-7-mappa-1536x614.png 1536w\" sizes=\"(max-width: 2000px) 100vw, 2000px\" \/>\t\t\t\t\t\t\t\t\t\t\t\t\t\t\t<\/div>\n\t\t\t\t<\/div>\n\t\t\t\t\t<\/div>\n\t\t<\/div>\n\t\t\t\t\t<\/div>\n\t\t<\/section>\n\t\t\t\t<section class=\"elementor-section elementor-top-section elementor-element elementor-element-87642b5 elementor-section-boxed elementor-section-height-default elementor-section-height-default\" data-id=\"87642b5\" data-element_type=\"section\" data-e-type=\"section\">\n\t\t\t\t\t\t<div class=\"elementor-container elementor-column-gap-default\">\n\t\t\t\t\t<div class=\"elementor-column elementor-col-100 elementor-top-column elementor-element elementor-element-1547cc9\" data-id=\"1547cc9\" data-element_type=\"column\" data-e-type=\"column\">\n\t\t\t<div class=\"elementor-widget-wrap elementor-element-populated\">\n\t\t\t\t\t\t<div class=\"elementor-element elementor-element-2d522b7 elementor-widget elementor-widget-text-editor\" data-id=\"2d522b7\" data-element_type=\"widget\" data-e-type=\"widget\" data-widget_type=\"text-editor.default\">\n\t\t\t\t<div class=\"elementor-widget-container\">\n\t\t\t\t\t\t\t\t\t<p class=\"translation-block\">Die Gruppe CTG El Preon APS hat beschlossen, diese Route zwischen Natur, Geschichte und Tradition einem ihrer Gr\u00fcndungsmitglieder, Romano Giacomelli, zu widmen. Dieser hat sich unerm\u00fcdlich f\u00fcr die Kultur und die Bildung in Cavaion eingesetzt und ist 2022 verstorben.<\/p>\t\t\t\t\t\t\t\t<\/div>\n\t\t\t\t<\/div>\n\t\t\t\t\t<\/div>\n\t\t<\/div>\n\t\t\t\t\t<\/div>\n\t\t<\/section>\n\t\t\t\t<section class=\"elementor-section elementor-top-section elementor-element elementor-element-d2a9b4d elementor-hidden-desktop elementor-section-boxed elementor-section-height-default elementor-section-height-default\" data-id=\"d2a9b4d\" data-element_type=\"section\" data-e-type=\"section\">\n\t\t\t\t\t\t<div class=\"elementor-container elementor-column-gap-default\">\n\t\t\t\t\t<div class=\"elementor-column elementor-col-100 elementor-top-column elementor-element elementor-element-b0cc9dd\" data-id=\"b0cc9dd\" data-element_type=\"column\" data-e-type=\"column\">\n\t\t\t<div class=\"elementor-widget-wrap elementor-element-populated\">\n\t\t\t\t\t\t<div class=\"elementor-element elementor-element-6f62041 elementor-icon-list--layout-inline elementor-mobile-align-center elementor-widget-mobile__width-auto elementor-fixed elementor-list-item-link-full_width elementor-widget elementor-widget-icon-list\" data-id=\"6f62041\" data-element_type=\"widget\" data-e-type=\"widget\" data-settings=\"{&quot;_position&quot;:&quot;fixed&quot;}\" data-widget_type=\"icon-list.default\">\n\t\t\t\t<div class=\"elementor-widget-container\">\n\t\t\t\t\t\t\t<ul class=\"elementor-icon-list-items elementor-inline-items\">\n\t\t\t\t\t\t\t<li class=\"elementor-icon-list-item elementor-inline-item\">\n\t\t\t\t\t\t\t\t\t\t\t<a href=\"https:\/\/visitcavaion.it\/de\/ctg-el-preon\/sentiero-del-monte-san-michele\/stazione-6\/\">\n\n\t\t\t\t\t\t\t\t\t\t\t\t<span class=\"elementor-icon-list-icon\">\n\t\t\t\t\t\t\t<i aria-hidden=\"true\" class=\"far fa-arrow-alt-circle-left\"><\/i>\t\t\t\t\t\t<\/span>\n\t\t\t\t\t\t\t\t\t\t<span class=\"elementor-icon-list-text\"><\/span>\n\t\t\t\t\t\t\t\t\t\t\t<\/a>\n\t\t\t\t\t\t\t\t\t<\/li>\n\t\t\t\t\t\t\t\t<li class=\"elementor-icon-list-item elementor-inline-item\">\n\t\t\t\t\t\t\t\t\t\t\t<a href=\"https:\/\/visitcavaion.it\/de\/ctg-el-preon\/sentiero-del-monte-san-michele\/stazione-8\/\">\n\n\t\t\t\t\t\t\t\t\t\t\t\t<span class=\"elementor-icon-list-icon\">\n\t\t\t\t\t\t\t<i aria-hidden=\"true\" class=\"far fa-arrow-alt-circle-right\"><\/i>\t\t\t\t\t\t<\/span>\n\t\t\t\t\t\t\t\t\t\t<span class=\"elementor-icon-list-text\"><\/span>\n\t\t\t\t\t\t\t\t\t\t\t<\/a>\n\t\t\t\t\t\t\t\t\t<\/li>\n\t\t\t\t\t\t<\/ul>\n\t\t\t\t\t\t<\/div>\n\t\t\t\t<\/div>\n\t\t\t\t\t<\/div>\n\t\t<\/div>\n\t\t\t\t\t<\/div>\n\t\t<\/section>\n\t\t\t\t<\/div>","protected":false},"excerpt":{"rendered":"<p>Stazione 7 Home >> CTG El Preon >> Sentiero del Monte San Michele Home >> CTG El Preon >> Sentiero del Monte San Michele Panorama su Punta S.Vigilio \u201dSuso in Italia bella giace un laco, a pi\u00e8 de l\u2019Alpe che serra Lamagna sovra Tiralli, c\u2019ha nome Benaco.\u201d Dante Alighieri (Inferno XX, 61-63) OLIVOOlea europea, Famiglia [&hellip;]<\/p>\n","protected":false},"author":1,"featured_media":0,"parent":30,"menu_order":0,"comment_status":"closed","ping_status":"closed","template":"","meta":{"footnotes":""},"class_list":["post-41","page","type-page","status-publish","hentry"],"yoast_head":"<!-- This site is optimized with the Yoast SEO plugin v27.6 - https:\/\/yoast.com\/product\/yoast-seo-wordpress\/ -->\n<title>Stazione 7 - Visit Cavaion<\/title>\n<meta name=\"robots\" content=\"index, follow, max-snippet:-1, max-image-preview:large, max-video-preview:-1\" \/>\n<link rel=\"canonical\" href=\"https:\/\/visitcavaion.it\/de\/itinerari__trashed\/sentiero-del-monte-san-michele\/stazione-7\/\" \/>\n<meta property=\"og:locale\" content=\"de_DE\" \/>\n<meta property=\"og:type\" content=\"article\" \/>\n<meta property=\"og:title\" content=\"Stazione 7 - Visit Cavaion\" \/>\n<meta property=\"og:description\" content=\"Stazione 7 Home &gt;&gt; CTG El Preon &gt;&gt; Sentiero del Monte San Michele Home &gt;&gt; CTG El Preon &gt;&gt; Sentiero del Monte San Michele Panorama su Punta S.Vigilio \u201dSuso in Italia bella giace un laco, a pi\u00e8 de l\u2019Alpe che serra Lamagna sovra Tiralli, c\u2019ha nome Benaco.\u201d Dante Alighieri (Inferno XX, 61-63) OLIVOOlea europea, Famiglia [&hellip;]\" \/>\n<meta property=\"og:url\" content=\"https:\/\/visitcavaion.it\/de\/itinerari__trashed\/sentiero-del-monte-san-michele\/stazione-7\/\" \/>\n<meta property=\"og:site_name\" content=\"Visit Cavaion\" \/>\n<meta property=\"article:modified_time\" content=\"2023-04-27T14:40:55+00:00\" \/>\n<meta property=\"og:image\" content=\"https:\/\/visitcavaion.it\/wp-content\/uploads\/2023\/03\/Group-79.png\" \/>\n<meta name=\"twitter:card\" content=\"summary_large_image\" \/>\n<meta name=\"twitter:label1\" content=\"Gesch\u00e4tzte Lesezeit\" \/>\n\t<meta name=\"twitter:data1\" content=\"3\u00a0Minuten\" \/>\n<script type=\"application\/ld+json\" class=\"yoast-schema-graph\">{\"@context\":\"https:\\\/\\\/schema.org\",\"@graph\":[{\"@type\":\"WebPage\",\"@id\":\"https:\\\/\\\/visitcavaion.it\\\/itinerari__trashed\\\/sentiero-del-monte-san-michele\\\/stazione-7\\\/\",\"url\":\"https:\\\/\\\/visitcavaion.it\\\/itinerari__trashed\\\/sentiero-del-monte-san-michele\\\/stazione-7\\\/\",\"name\":\"Stazione 7 - Visit Cavaion\",\"isPartOf\":{\"@id\":\"https:\\\/\\\/visitcavaion.it\\\/#website\"},\"primaryImageOfPage\":{\"@id\":\"https:\\\/\\\/visitcavaion.it\\\/itinerari__trashed\\\/sentiero-del-monte-san-michele\\\/stazione-7\\\/#primaryimage\"},\"image\":{\"@id\":\"https:\\\/\\\/visitcavaion.it\\\/itinerari__trashed\\\/sentiero-del-monte-san-michele\\\/stazione-7\\\/#primaryimage\"},\"thumbnailUrl\":\"https:\\\/\\\/visitcavaion.it\\\/wp-content\\\/uploads\\\/2023\\\/03\\\/Group-79.png\",\"datePublished\":\"2023-03-03T10:32:20+00:00\",\"dateModified\":\"2023-04-27T14:40:55+00:00\",\"breadcrumb\":{\"@id\":\"https:\\\/\\\/visitcavaion.it\\\/itinerari__trashed\\\/sentiero-del-monte-san-michele\\\/stazione-7\\\/#breadcrumb\"},\"inLanguage\":\"de\",\"potentialAction\":[{\"@type\":\"ReadAction\",\"target\":[\"https:\\\/\\\/visitcavaion.it\\\/itinerari__trashed\\\/sentiero-del-monte-san-michele\\\/stazione-7\\\/\"]}]},{\"@type\":\"ImageObject\",\"inLanguage\":\"de\",\"@id\":\"https:\\\/\\\/visitcavaion.it\\\/itinerari__trashed\\\/sentiero-del-monte-san-michele\\\/stazione-7\\\/#primaryimage\",\"url\":\"https:\\\/\\\/visitcavaion.it\\\/wp-content\\\/uploads\\\/2023\\\/03\\\/Group-79.png\",\"contentUrl\":\"https:\\\/\\\/visitcavaion.it\\\/wp-content\\\/uploads\\\/2023\\\/03\\\/Group-79.png\"},{\"@type\":\"BreadcrumbList\",\"@id\":\"https:\\\/\\\/visitcavaion.it\\\/itinerari__trashed\\\/sentiero-del-monte-san-michele\\\/stazione-7\\\/#breadcrumb\",\"itemListElement\":[{\"@type\":\"ListItem\",\"position\":1,\"name\":\"Home\",\"item\":\"https:\\\/\\\/visitcavaion.it\\\/\"},{\"@type\":\"ListItem\",\"position\":2,\"name\":\"Sentiero del Monte San Michele\",\"item\":\"https:\\\/\\\/visitcavaion.it\\\/itinerari__trashed\\\/sentiero-del-monte-san-michele\\\/\"},{\"@type\":\"ListItem\",\"position\":3,\"name\":\"Stazione 7\"}]},{\"@type\":\"WebSite\",\"@id\":\"https:\\\/\\\/visitcavaion.it\\\/#website\",\"url\":\"https:\\\/\\\/visitcavaion.it\\\/\",\"name\":\"Visit Cavaion\",\"description\":\"Official Website\",\"potentialAction\":[{\"@type\":\"SearchAction\",\"target\":{\"@type\":\"EntryPoint\",\"urlTemplate\":\"https:\\\/\\\/visitcavaion.it\\\/?s={search_term_string}\"},\"query-input\":{\"@type\":\"PropertyValueSpecification\",\"valueRequired\":true,\"valueName\":\"search_term_string\"}}],\"inLanguage\":\"de\"}]}<\/script>\n<!-- \/ Yoast SEO plugin. -->","yoast_head_json":{"title":"Stazione 7 - Visit Cavaion","robots":{"index":"index","follow":"follow","max-snippet":"max-snippet:-1","max-image-preview":"max-image-preview:large","max-video-preview":"max-video-preview:-1"},"canonical":"https:\/\/visitcavaion.it\/de\/itinerari__trashed\/sentiero-del-monte-san-michele\/stazione-7\/","og_locale":"de_DE","og_type":"article","og_title":"Stazione 7 - Visit Cavaion","og_description":"Stazione 7 Home >> CTG El Preon >> Sentiero del Monte San Michele Home >> CTG El Preon >> Sentiero del Monte San Michele Panorama su Punta S.Vigilio \u201dSuso in Italia bella giace un laco, a pi\u00e8 de l\u2019Alpe che serra Lamagna sovra Tiralli, c\u2019ha nome Benaco.\u201d Dante Alighieri (Inferno XX, 61-63) OLIVOOlea europea, Famiglia [&hellip;]","og_url":"https:\/\/visitcavaion.it\/de\/itinerari__trashed\/sentiero-del-monte-san-michele\/stazione-7\/","og_site_name":"Visit Cavaion","article_modified_time":"2023-04-27T14:40:55+00:00","og_image":[{"url":"https:\/\/visitcavaion.it\/wp-content\/uploads\/2023\/03\/Group-79.png","type":"","width":"","height":""}],"twitter_card":"summary_large_image","twitter_misc":{"Gesch\u00e4tzte Lesezeit":"3\u00a0Minuten"},"schema":{"@context":"https:\/\/schema.org","@graph":[{"@type":"WebPage","@id":"https:\/\/visitcavaion.it\/itinerari__trashed\/sentiero-del-monte-san-michele\/stazione-7\/","url":"https:\/\/visitcavaion.it\/itinerari__trashed\/sentiero-del-monte-san-michele\/stazione-7\/","name":"Stazione 7 - Visit Cavaion","isPartOf":{"@id":"https:\/\/visitcavaion.it\/#website"},"primaryImageOfPage":{"@id":"https:\/\/visitcavaion.it\/itinerari__trashed\/sentiero-del-monte-san-michele\/stazione-7\/#primaryimage"},"image":{"@id":"https:\/\/visitcavaion.it\/itinerari__trashed\/sentiero-del-monte-san-michele\/stazione-7\/#primaryimage"},"thumbnailUrl":"https:\/\/visitcavaion.it\/wp-content\/uploads\/2023\/03\/Group-79.png","datePublished":"2023-03-03T10:32:20+00:00","dateModified":"2023-04-27T14:40:55+00:00","breadcrumb":{"@id":"https:\/\/visitcavaion.it\/itinerari__trashed\/sentiero-del-monte-san-michele\/stazione-7\/#breadcrumb"},"inLanguage":"de","potentialAction":[{"@type":"ReadAction","target":["https:\/\/visitcavaion.it\/itinerari__trashed\/sentiero-del-monte-san-michele\/stazione-7\/"]}]},{"@type":"ImageObject","inLanguage":"de","@id":"https:\/\/visitcavaion.it\/itinerari__trashed\/sentiero-del-monte-san-michele\/stazione-7\/#primaryimage","url":"https:\/\/visitcavaion.it\/wp-content\/uploads\/2023\/03\/Group-79.png","contentUrl":"https:\/\/visitcavaion.it\/wp-content\/uploads\/2023\/03\/Group-79.png"},{"@type":"BreadcrumbList","@id":"https:\/\/visitcavaion.it\/itinerari__trashed\/sentiero-del-monte-san-michele\/stazione-7\/#breadcrumb","itemListElement":[{"@type":"ListItem","position":1,"name":"Home","item":"https:\/\/visitcavaion.it\/"},{"@type":"ListItem","position":2,"name":"Sentiero del Monte San Michele","item":"https:\/\/visitcavaion.it\/itinerari__trashed\/sentiero-del-monte-san-michele\/"},{"@type":"ListItem","position":3,"name":"Stazione 7"}]},{"@type":"WebSite","@id":"https:\/\/visitcavaion.it\/#website","url":"https:\/\/visitcavaion.it\/","name":"Visit Cavaion","description":"Official Website","potentialAction":[{"@type":"SearchAction","target":{"@type":"EntryPoint","urlTemplate":"https:\/\/visitcavaion.it\/?s={search_term_string}"},"query-input":{"@type":"PropertyValueSpecification","valueRequired":true,"valueName":"search_term_string"}}],"inLanguage":"de"}]}},"_links":{"self":[{"href":"https:\/\/visitcavaion.it\/de\/wp-json\/wp\/v2\/pages\/41","targetHints":{"allow":["GET"]}}],"collection":[{"href":"https:\/\/visitcavaion.it\/de\/wp-json\/wp\/v2\/pages"}],"about":[{"href":"https:\/\/visitcavaion.it\/de\/wp-json\/wp\/v2\/types\/page"}],"author":[{"embeddable":true,"href":"https:\/\/visitcavaion.it\/de\/wp-json\/wp\/v2\/users\/1"}],"replies":[{"embeddable":true,"href":"https:\/\/visitcavaion.it\/de\/wp-json\/wp\/v2\/comments?post=41"}],"version-history":[{"count":5,"href":"https:\/\/visitcavaion.it\/de\/wp-json\/wp\/v2\/pages\/41\/revisions"}],"predecessor-version":[{"id":2135,"href":"https:\/\/visitcavaion.it\/de\/wp-json\/wp\/v2\/pages\/41\/revisions\/2135"}],"up":[{"embeddable":true,"href":"https:\/\/visitcavaion.it\/de\/wp-json\/wp\/v2\/pages\/30"}],"wp:attachment":[{"href":"https:\/\/visitcavaion.it\/de\/wp-json\/wp\/v2\/media?parent=41"}],"curies":[{"name":"wp","href":"https:\/\/api.w.org\/{rel}","templated":true}]}}