{"id":40,"date":"2023-03-03T11:32:17","date_gmt":"2023-03-03T10:32:17","guid":{"rendered":"https:\/\/visitcavaion.it\/?page_id=40"},"modified":"2023-04-27T16:40:51","modified_gmt":"2023-04-27T14:40:51","slug":"stazione-6","status":"publish","type":"page","link":"https:\/\/visitcavaion.it\/de\/sentiero-del-monte-san-michele\/stazione-6\/","title":{"rendered":"Stationen 6"},"content":{"rendered":"<div data-elementor-type=\"wp-page\" data-elementor-id=\"40\" class=\"elementor elementor-40\" data-elementor-post-type=\"page\">\n\t\t\t\t\t\t<section class=\"elementor-section elementor-top-section elementor-element elementor-element-b119fcc elementor-section-boxed elementor-section-height-default elementor-section-height-default\" data-id=\"b119fcc\" data-element_type=\"section\" data-e-type=\"section\" data-settings=\"{&quot;background_background&quot;:&quot;classic&quot;}\">\n\t\t\t\t\t\t\t<div class=\"elementor-background-overlay\"><\/div>\n\t\t\t\t\t\t\t<div class=\"elementor-container elementor-column-gap-default\">\n\t\t\t\t\t<div class=\"elementor-column elementor-col-100 elementor-top-column elementor-element elementor-element-757a82d\" data-id=\"757a82d\" data-element_type=\"column\" data-e-type=\"column\" data-settings=\"{&quot;background_background&quot;:&quot;classic&quot;}\">\n\t\t\t<div class=\"elementor-widget-wrap elementor-element-populated\">\n\t\t\t\t\t\t<section class=\"elementor-section elementor-inner-section elementor-element elementor-element-9073fea elementor-section-boxed elementor-section-height-default elementor-section-height-default\" data-id=\"9073fea\" data-element_type=\"section\" data-e-type=\"section\">\n\t\t\t\t\t\t<div class=\"elementor-container elementor-column-gap-default\">\n\t\t\t\t\t<div class=\"elementor-column elementor-col-100 elementor-inner-column elementor-element elementor-element-875cb4c\" data-id=\"875cb4c\" data-element_type=\"column\" data-e-type=\"column\">\n\t\t\t<div class=\"elementor-widget-wrap elementor-element-populated\">\n\t\t\t\t\t\t<div class=\"elementor-element elementor-element-aaebb97 sfuma elementor-widget__width-auto elementor-widget elementor-widget-heading\" data-id=\"aaebb97\" data-element_type=\"widget\" data-e-type=\"widget\" data-widget_type=\"heading.default\">\n\t\t\t\t<div class=\"elementor-widget-container\">\n\t\t\t\t\t<h2 class=\"elementor-heading-title elementor-size-default\">Stationen 6<\/h2>\t\t\t\t<\/div>\n\t\t\t\t<\/div>\n\t\t\t\t\t<\/div>\n\t\t<\/div>\n\t\t\t\t\t<\/div>\n\t\t<\/section>\n\t\t\t\t<div class=\"elementor-element elementor-element-9d89476 elementor-absolute elementor-widget__width-auto elementor-widget elementor-widget-image\" data-id=\"9d89476\" data-element_type=\"widget\" data-e-type=\"widget\" data-settings=\"{&quot;_position&quot;:&quot;absolute&quot;}\" data-widget_type=\"image.default\">\n\t\t\t\t<div class=\"elementor-widget-container\">\n\t\t\t\t\t\t\t\t\t\t\t\t\t\t\t<img decoding=\"async\" width=\"166\" height=\"164\" src=\"https:\/\/visitcavaion.it\/wp-content\/uploads\/2023\/03\/Group-79.png\" class=\"attachment-full size-full wp-image-284\" alt=\"\" \/>\t\t\t\t\t\t\t\t\t\t\t\t\t\t\t<\/div>\n\t\t\t\t<\/div>\n\t\t\t\t<div class=\"elementor-element elementor-element-d1577b9 elementor-hidden-desktop elementor-hidden-tablet elementor-widget elementor-widget-heading\" data-id=\"d1577b9\" data-element_type=\"widget\" data-e-type=\"widget\" data-widget_type=\"heading.default\">\n\t\t\t\t<div class=\"elementor-widget-container\">\n\t\t\t\t\t<h2 class=\"elementor-heading-title elementor-size-default\">Home &gt;&gt; CTG El Preon &gt;&gt;<b> Weg des Monte San Michele<\/b><\/h2>\t\t\t\t<\/div>\n\t\t\t\t<\/div>\n\t\t\t\t<div class=\"elementor-element elementor-element-8a71078 elementor-widget-divider--view-line_text elementor-widget-divider--element-align-right elementor-hidden-mobile elementor-widget elementor-widget-divider\" data-id=\"8a71078\" data-element_type=\"widget\" data-e-type=\"widget\" data-widget_type=\"divider.default\">\n\t\t\t\t<div class=\"elementor-widget-container\">\n\t\t\t\t\t\t\t<div class=\"elementor-divider\">\n\t\t\t<span class=\"elementor-divider-separator\">\n\t\t\t\t\t\t\t<span class=\"elementor-divider__text elementor-divider__element\">\n\t\t\t\tHome >> CTG El Preon >><b> Weg des Monte San Michele<\/b>\t\t\t\t<\/span>\n\t\t\t\t\t\t<\/span>\n\t\t<\/div>\n\t\t\t\t\t\t<\/div>\n\t\t\t\t<\/div>\n\t\t\t\t<div class=\"elementor-element elementor-element-6cd68a6 elementor-widget elementor-widget-heading\" data-id=\"6cd68a6\" data-element_type=\"widget\" data-e-type=\"widget\" data-widget_type=\"heading.default\">\n\t\t\t\t<div class=\"elementor-widget-container\">\n\t\t\t\t\t<h2 class=\"elementor-heading-title elementor-size-default\">Die Kapelle von San Michele<\/h2>\t\t\t\t<\/div>\n\t\t\t\t<\/div>\n\t\t\t\t<section class=\"elementor-section elementor-inner-section elementor-element elementor-element-60a7e9e elementor-section-boxed elementor-section-height-default elementor-section-height-default\" data-id=\"60a7e9e\" data-element_type=\"section\" data-e-type=\"section\">\n\t\t\t\t\t\t<div class=\"elementor-container elementor-column-gap-default\">\n\t\t\t\t\t<div class=\"elementor-column elementor-col-50 elementor-inner-column elementor-element elementor-element-6df4265\" data-id=\"6df4265\" data-element_type=\"column\" data-e-type=\"column\">\n\t\t\t<div class=\"elementor-widget-wrap elementor-element-populated\">\n\t\t\t\t\t\t<div class=\"elementor-element elementor-element-7476103 elementor-widget elementor-widget-image\" data-id=\"7476103\" data-element_type=\"widget\" data-e-type=\"widget\" data-widget_type=\"image.default\">\n\t\t\t\t<div class=\"elementor-widget-container\">\n\t\t\t\t\t\t\t\t\t\t\t\t\t\t\t<img fetchpriority=\"high\" decoding=\"async\" width=\"800\" height=\"519\" src=\"https:\/\/visitcavaion.it\/wp-content\/uploads\/2023\/04\/chiesa-di-san-fermo-1024x664.jpg\" class=\"attachment-large size-large wp-image-633\" alt=\"\" srcset=\"https:\/\/visitcavaion.it\/wp-content\/uploads\/2023\/04\/chiesa-di-san-fermo-1024x664.jpg 1024w, https:\/\/visitcavaion.it\/wp-content\/uploads\/2023\/04\/chiesa-di-san-fermo-300x195.jpg 300w, https:\/\/visitcavaion.it\/wp-content\/uploads\/2023\/04\/chiesa-di-san-fermo-768x498.jpg 768w, https:\/\/visitcavaion.it\/wp-content\/uploads\/2023\/04\/chiesa-di-san-fermo-1536x996.jpg 1536w, https:\/\/visitcavaion.it\/wp-content\/uploads\/2023\/04\/chiesa-di-san-fermo.jpg 1729w\" sizes=\"(max-width: 800px) 100vw, 800px\" \/>\t\t\t\t\t\t\t\t\t\t\t\t\t\t\t<\/div>\n\t\t\t\t<\/div>\n\t\t\t\t<div class=\"elementor-element elementor-element-55ca990 elementor-widget elementor-widget-heading\" data-id=\"55ca990\" data-element_type=\"widget\" data-e-type=\"widget\" data-widget_type=\"heading.default\">\n\t\t\t\t<div class=\"elementor-widget-container\">\n\t\t\t\t\t<h2 class=\"elementor-heading-title elementor-size-default\">Kirche von San Fermo<\/h2>\t\t\t\t<\/div>\n\t\t\t\t<\/div>\n\t\t\t\t\t<\/div>\n\t\t<\/div>\n\t\t\t\t<div class=\"elementor-column elementor-col-50 elementor-inner-column elementor-element elementor-element-76f5ad7\" data-id=\"76f5ad7\" data-element_type=\"column\" data-e-type=\"column\">\n\t\t\t<div class=\"elementor-widget-wrap elementor-element-populated\">\n\t\t\t\t\t\t<div class=\"elementor-element elementor-element-2939839 text-sup elementor-widget elementor-widget-text-editor\" data-id=\"2939839\" data-element_type=\"widget\" data-e-type=\"widget\" data-widget_type=\"text-editor.default\">\n\t\t\t\t<div class=\"elementor-widget-container\">\n\t\t\t\t\t\t\t\t\t<p class=\"translation-block\">Im 19. Jahrhundert lie\u00dfen die Grafen Ravignani eine Kapelle auf dem Grundst\u00fcck der Villa, dem heutigen Palazzo Trombetta, errichten. Im 20. Jahrhundert wurde die Privatkapelle, die dem Erzengel Michael geweiht ist, von Herrn Trombetta, dem sp\u00e4teren Besitzer der Villa und des Anwesens, den Alpini geschenkt. Die Kapelle im neugotischen Stil hat eine theatralische Giebelfassade, deren Gr\u00f6\u00dfe sogar die der Kirche \u00fcbertreffen. Die Rosette und die Sprossenfenster sind nur gemalt. Die gelben und roten horizontalen Streifen erinnern an den f\u00fcr die mittelalterliche Veroneser Architektur typischen Wechsel von Tuffstein und Backstein.<\/p><p>Die Aufw\u00e4rtsbewegung durch die charakteristischen gotischen Linien wird durch die Fialen an den Seiten und in der Mitte des oberen Teils der Fassade betont, die den Blick zum Himmel, zu Gott lenken.<\/p>\t\t\t\t\t\t\t\t<\/div>\n\t\t\t\t<\/div>\n\t\t\t\t\t<\/div>\n\t\t<\/div>\n\t\t\t\t\t<\/div>\n\t\t<\/section>\n\t\t\t\t<section class=\"elementor-section elementor-inner-section elementor-element elementor-element-2dc3f4b elementor-section-boxed elementor-section-height-default elementor-section-height-default\" data-id=\"2dc3f4b\" data-element_type=\"section\" data-e-type=\"section\">\n\t\t\t\t\t\t<div class=\"elementor-container elementor-column-gap-default\">\n\t\t\t\t\t<div class=\"elementor-column elementor-col-50 elementor-inner-column elementor-element elementor-element-2b0e263\" data-id=\"2b0e263\" data-element_type=\"column\" data-e-type=\"column\">\n\t\t\t<div class=\"elementor-widget-wrap elementor-element-populated\">\n\t\t\t\t\t\t<div class=\"elementor-element elementor-element-8a3336e text-sup elementor-widget elementor-widget-text-editor\" data-id=\"8a3336e\" data-element_type=\"widget\" data-e-type=\"widget\" data-widget_type=\"text-editor.default\">\n\t\t\t\t<div class=\"elementor-widget-container\">\n\t\t\t\t\t\t\t\t\t<p class=\"translation-block\"><strong>DER ERZENGEL MICHAEL<\/strong><br>\nDie Figur des Erzengels Michael, dem die Kapelle geweiht ist, geht auf die Offenbarung (Bibel) zur\u00fcck, worin er als Widersacher des Teufels erscheint. Im letzten Kampf gegen Satan und dessen Anh\u00e4nger geht er als Sieger hervor. Er wurde bereits von den Juden als Engelsf\u00fcrst und Besch\u00fctzer des auserw\u00e4hlten Volkes Israel angesehen. Sein Name klingt auf Hebr\u00e4isch Mi-ka-El und bedeutet: Wer ist wie Gott? Der Erzengel des Lichts und des Feuers wird gefl\u00fcgelt, stark und jung dargestellt; er tr\u00e4gt eine R\u00fcstung und schwingt das Schwert oder den Speer, mit dem er den Teufel besiegt, der oft in Gestalt eines Drachens dargestellt wird. Die Langobarden waren ein heidnisches und kriegerisches Volk, das im 6. Jahrhundert einen Gro\u00dfteil Italiens und auch unser Gebiet eroberte. Sie bekehrten sich zum Christentum und w\u00e4hlten den Erzengel Michael zu ihrem Besch\u00fctzer: Der Kriegerf\u00fcrst Gottes besch\u00fctzte ein Volk von Kriegern, das sich bekehrt hatte und somit zum Volk Gottes geh\u00f6rte. Sie widmeten ihm zahlreiche Kirchen und hochgelegene Heiligt\u00fcmer.<\/p><p><strong>Die Neugotik<\/strong><br \/>Kunststil, der in Europa zwischen dem 18. und 19. Jahrhundert im Zuge der Romantik aufkam und die mittelalterliche Kunst, insbesondere die gotische Architektur, neu bewertete, indem sie strukturelle und dekorative Elemente wie Zinnen, Spitzb\u00f6gen, Strebeb\u00f6gen, Dreipassb\u00f6gen und -fenster sowie Kompositpfeiler wieder aufgriff. Das Mittelalter kam zur Geltung durch die bestimmende Religion des Christentums und die Entstehung nationaler Kulturen.<\/p>\t\t\t\t\t\t\t\t<\/div>\n\t\t\t\t<\/div>\n\t\t\t\t\t<\/div>\n\t\t<\/div>\n\t\t\t\t<div class=\"elementor-column elementor-col-50 elementor-inner-column elementor-element elementor-element-b68c649\" data-id=\"b68c649\" data-element_type=\"column\" data-e-type=\"column\">\n\t\t\t<div class=\"elementor-widget-wrap elementor-element-populated\">\n\t\t\t\t\t\t<div class=\"elementor-element elementor-element-81fdc53 elementor-widget elementor-widget-image\" data-id=\"81fdc53\" data-element_type=\"widget\" data-e-type=\"widget\" data-widget_type=\"image.default\">\n\t\t\t\t<div class=\"elementor-widget-container\">\n\t\t\t\t\t\t\t\t\t\t\t\t\t\t\t<img decoding=\"async\" width=\"662\" height=\"1024\" src=\"https:\/\/visitcavaion.it\/wp-content\/uploads\/2023\/04\/arcangelo-san-michele-662x1024.jpg\" class=\"attachment-large size-large wp-image-634\" alt=\"\" srcset=\"https:\/\/visitcavaion.it\/wp-content\/uploads\/2023\/04\/arcangelo-san-michele-662x1024.jpg 662w, https:\/\/visitcavaion.it\/wp-content\/uploads\/2023\/04\/arcangelo-san-michele-194x300.jpg 194w, https:\/\/visitcavaion.it\/wp-content\/uploads\/2023\/04\/arcangelo-san-michele-768x1187.jpg 768w, https:\/\/visitcavaion.it\/wp-content\/uploads\/2023\/04\/arcangelo-san-michele-994x1536.jpg 994w, https:\/\/visitcavaion.it\/wp-content\/uploads\/2023\/04\/arcangelo-san-michele.jpg 1112w\" sizes=\"(max-width: 662px) 100vw, 662px\" \/>\t\t\t\t\t\t\t\t\t\t\t\t\t\t\t<\/div>\n\t\t\t\t<\/div>\n\t\t\t\t<div class=\"elementor-element elementor-element-a125e01 elementor-widget elementor-widget-heading\" data-id=\"a125e01\" data-element_type=\"widget\" data-e-type=\"widget\" data-widget_type=\"heading.default\">\n\t\t\t\t<div class=\"elementor-widget-container\">\n\t\t\t\t\t<h2 class=\"elementor-heading-title elementor-size-default\">arcangelo san michele<\/h2>\t\t\t\t<\/div>\n\t\t\t\t<\/div>\n\t\t\t\t\t<\/div>\n\t\t<\/div>\n\t\t\t\t\t<\/div>\n\t\t<\/section>\n\t\t\t\t\t<\/div>\n\t\t<\/div>\n\t\t\t\t\t<\/div>\n\t\t<\/section>\n\t\t\t\t<section class=\"elementor-section elementor-top-section elementor-element elementor-element-334e809 elementor-section-boxed elementor-section-height-default elementor-section-height-default\" data-id=\"334e809\" data-element_type=\"section\" data-e-type=\"section\">\n\t\t\t\t\t\t<div class=\"elementor-container elementor-column-gap-default\">\n\t\t\t\t\t<div class=\"elementor-column elementor-col-100 elementor-top-column elementor-element elementor-element-f87977d\" data-id=\"f87977d\" data-element_type=\"column\" data-e-type=\"column\">\n\t\t\t<div class=\"elementor-widget-wrap elementor-element-populated\">\n\t\t\t\t\t\t<div class=\"elementor-element elementor-element-23b187d elementor-widget elementor-widget-text-editor\" data-id=\"23b187d\" data-element_type=\"widget\" data-e-type=\"widget\" data-widget_type=\"text-editor.default\">\n\t\t\t\t<div class=\"elementor-widget-container\">\n\t\t\t\t\t\t\t\t\t<p class=\"translation-block\">Die Gruppe CTG El Preon APS hat beschlossen, diese Route zwischen Natur, Geschichte und Tradition einem ihrer Gr\u00fcndungsmitglieder, Romano Giacomelli, zu widmen. Dieser hat sich unerm\u00fcdlich f\u00fcr die Kultur und die Bildung in Cavaion eingesetzt und ist 2022 verstorben.<\/p>\t\t\t\t\t\t\t\t<\/div>\n\t\t\t\t<\/div>\n\t\t\t\t\t<\/div>\n\t\t<\/div>\n\t\t\t\t\t<\/div>\n\t\t<\/section>\n\t\t\t\t<section class=\"elementor-section elementor-top-section elementor-element elementor-element-7fd155c elementor-hidden-desktop elementor-section-boxed elementor-section-height-default elementor-section-height-default\" data-id=\"7fd155c\" data-element_type=\"section\" data-e-type=\"section\">\n\t\t\t\t\t\t<div class=\"elementor-container elementor-column-gap-default\">\n\t\t\t\t\t<div class=\"elementor-column elementor-col-100 elementor-top-column elementor-element elementor-element-9ce289d\" data-id=\"9ce289d\" data-element_type=\"column\" data-e-type=\"column\">\n\t\t\t<div class=\"elementor-widget-wrap elementor-element-populated\">\n\t\t\t\t\t\t<div class=\"elementor-element elementor-element-a3320c8 elementor-icon-list--layout-inline elementor-mobile-align-center elementor-widget-mobile__width-auto elementor-fixed elementor-list-item-link-full_width elementor-widget elementor-widget-icon-list\" data-id=\"a3320c8\" data-element_type=\"widget\" data-e-type=\"widget\" data-settings=\"{&quot;_position&quot;:&quot;fixed&quot;}\" data-widget_type=\"icon-list.default\">\n\t\t\t\t<div class=\"elementor-widget-container\">\n\t\t\t\t\t\t\t<ul class=\"elementor-icon-list-items elementor-inline-items\">\n\t\t\t\t\t\t\t<li class=\"elementor-icon-list-item elementor-inline-item\">\n\t\t\t\t\t\t\t\t\t\t\t<a href=\"https:\/\/visitcavaion.it\/de\/ctg-el-preon\/sentiero-del-monte-san-michele\/stazione-5\/\">\n\n\t\t\t\t\t\t\t\t\t\t\t\t<span class=\"elementor-icon-list-icon\">\n\t\t\t\t\t\t\t<i aria-hidden=\"true\" class=\"far fa-arrow-alt-circle-left\"><\/i>\t\t\t\t\t\t<\/span>\n\t\t\t\t\t\t\t\t\t\t<span class=\"elementor-icon-list-text\"><\/span>\n\t\t\t\t\t\t\t\t\t\t\t<\/a>\n\t\t\t\t\t\t\t\t\t<\/li>\n\t\t\t\t\t\t\t\t<li class=\"elementor-icon-list-item elementor-inline-item\">\n\t\t\t\t\t\t\t\t\t\t\t<a href=\"https:\/\/visitcavaion.it\/de\/ctg-el-preon\/sentiero-del-monte-san-michele\/stazione-7\/\">\n\n\t\t\t\t\t\t\t\t\t\t\t\t<span class=\"elementor-icon-list-icon\">\n\t\t\t\t\t\t\t<i aria-hidden=\"true\" class=\"far fa-arrow-alt-circle-right\"><\/i>\t\t\t\t\t\t<\/span>\n\t\t\t\t\t\t\t\t\t\t<span class=\"elementor-icon-list-text\"><\/span>\n\t\t\t\t\t\t\t\t\t\t\t<\/a>\n\t\t\t\t\t\t\t\t\t<\/li>\n\t\t\t\t\t\t<\/ul>\n\t\t\t\t\t\t<\/div>\n\t\t\t\t<\/div>\n\t\t\t\t\t<\/div>\n\t\t<\/div>\n\t\t\t\t\t<\/div>\n\t\t<\/section>\n\t\t\t\t<\/div>","protected":false},"excerpt":{"rendered":"<p>Stazione 6 Home >> CTG El Preon >> Sentiero del Monte San Michele Home >> CTG El Preon >> Sentiero del Monte San Michele La cappella di San Michele chiesa di san fermo Nel XIX secolo i conti Ravignani fecero costruire una cappella gentilizia all\u2019interno della propriet\u00e0 della villa, ora Palazzo Trombetta. Nel XX secolo [&hellip;]<\/p>\n","protected":false},"author":1,"featured_media":0,"parent":30,"menu_order":0,"comment_status":"closed","ping_status":"closed","template":"","meta":{"footnotes":""},"class_list":["post-40","page","type-page","status-publish","hentry"],"yoast_head":"<!-- This site is optimized with the Yoast SEO plugin v27.6 - https:\/\/yoast.com\/product\/yoast-seo-wordpress\/ -->\n<title>Stazione 6 - Visit Cavaion<\/title>\n<meta name=\"robots\" content=\"index, follow, max-snippet:-1, max-image-preview:large, max-video-preview:-1\" \/>\n<link rel=\"canonical\" href=\"https:\/\/visitcavaion.it\/de\/itinerari__trashed\/sentiero-del-monte-san-michele\/stazione-6\/\" \/>\n<meta property=\"og:locale\" content=\"de_DE\" \/>\n<meta property=\"og:type\" content=\"article\" \/>\n<meta property=\"og:title\" content=\"Stazione 6 - Visit Cavaion\" \/>\n<meta property=\"og:description\" content=\"Stazione 6 Home &gt;&gt; CTG El Preon &gt;&gt; Sentiero del Monte San Michele Home &gt;&gt; CTG El Preon &gt;&gt; Sentiero del Monte San Michele La cappella di San Michele chiesa di san fermo Nel XIX secolo i conti Ravignani fecero costruire una cappella gentilizia all\u2019interno della propriet\u00e0 della villa, ora Palazzo Trombetta. Nel XX secolo [&hellip;]\" \/>\n<meta property=\"og:url\" content=\"https:\/\/visitcavaion.it\/de\/itinerari__trashed\/sentiero-del-monte-san-michele\/stazione-6\/\" \/>\n<meta property=\"og:site_name\" content=\"Visit Cavaion\" \/>\n<meta property=\"article:modified_time\" content=\"2023-04-27T14:40:51+00:00\" \/>\n<meta property=\"og:image\" content=\"https:\/\/visitcavaion.it\/wp-content\/uploads\/2023\/03\/Group-79.png\" \/>\n<meta name=\"twitter:card\" content=\"summary_large_image\" \/>\n<meta name=\"twitter:label1\" content=\"Gesch\u00e4tzte Lesezeit\" \/>\n\t<meta name=\"twitter:data1\" content=\"3\u00a0Minuten\" \/>\n<script type=\"application\/ld+json\" class=\"yoast-schema-graph\">{\"@context\":\"https:\\\/\\\/schema.org\",\"@graph\":[{\"@type\":\"WebPage\",\"@id\":\"https:\\\/\\\/visitcavaion.it\\\/itinerari__trashed\\\/sentiero-del-monte-san-michele\\\/stazione-6\\\/\",\"url\":\"https:\\\/\\\/visitcavaion.it\\\/itinerari__trashed\\\/sentiero-del-monte-san-michele\\\/stazione-6\\\/\",\"name\":\"Stazione 6 - Visit Cavaion\",\"isPartOf\":{\"@id\":\"https:\\\/\\\/visitcavaion.it\\\/#website\"},\"primaryImageOfPage\":{\"@id\":\"https:\\\/\\\/visitcavaion.it\\\/itinerari__trashed\\\/sentiero-del-monte-san-michele\\\/stazione-6\\\/#primaryimage\"},\"image\":{\"@id\":\"https:\\\/\\\/visitcavaion.it\\\/itinerari__trashed\\\/sentiero-del-monte-san-michele\\\/stazione-6\\\/#primaryimage\"},\"thumbnailUrl\":\"https:\\\/\\\/visitcavaion.it\\\/wp-content\\\/uploads\\\/2023\\\/03\\\/Group-79.png\",\"datePublished\":\"2023-03-03T10:32:17+00:00\",\"dateModified\":\"2023-04-27T14:40:51+00:00\",\"breadcrumb\":{\"@id\":\"https:\\\/\\\/visitcavaion.it\\\/itinerari__trashed\\\/sentiero-del-monte-san-michele\\\/stazione-6\\\/#breadcrumb\"},\"inLanguage\":\"de\",\"potentialAction\":[{\"@type\":\"ReadAction\",\"target\":[\"https:\\\/\\\/visitcavaion.it\\\/itinerari__trashed\\\/sentiero-del-monte-san-michele\\\/stazione-6\\\/\"]}]},{\"@type\":\"ImageObject\",\"inLanguage\":\"de\",\"@id\":\"https:\\\/\\\/visitcavaion.it\\\/itinerari__trashed\\\/sentiero-del-monte-san-michele\\\/stazione-6\\\/#primaryimage\",\"url\":\"https:\\\/\\\/visitcavaion.it\\\/wp-content\\\/uploads\\\/2023\\\/03\\\/Group-79.png\",\"contentUrl\":\"https:\\\/\\\/visitcavaion.it\\\/wp-content\\\/uploads\\\/2023\\\/03\\\/Group-79.png\"},{\"@type\":\"BreadcrumbList\",\"@id\":\"https:\\\/\\\/visitcavaion.it\\\/itinerari__trashed\\\/sentiero-del-monte-san-michele\\\/stazione-6\\\/#breadcrumb\",\"itemListElement\":[{\"@type\":\"ListItem\",\"position\":1,\"name\":\"Home\",\"item\":\"https:\\\/\\\/visitcavaion.it\\\/\"},{\"@type\":\"ListItem\",\"position\":2,\"name\":\"Sentiero del Monte San Michele\",\"item\":\"https:\\\/\\\/visitcavaion.it\\\/itinerari__trashed\\\/sentiero-del-monte-san-michele\\\/\"},{\"@type\":\"ListItem\",\"position\":3,\"name\":\"Stazione 6\"}]},{\"@type\":\"WebSite\",\"@id\":\"https:\\\/\\\/visitcavaion.it\\\/#website\",\"url\":\"https:\\\/\\\/visitcavaion.it\\\/\",\"name\":\"Visit Cavaion\",\"description\":\"Official Website\",\"potentialAction\":[{\"@type\":\"SearchAction\",\"target\":{\"@type\":\"EntryPoint\",\"urlTemplate\":\"https:\\\/\\\/visitcavaion.it\\\/?s={search_term_string}\"},\"query-input\":{\"@type\":\"PropertyValueSpecification\",\"valueRequired\":true,\"valueName\":\"search_term_string\"}}],\"inLanguage\":\"de\"}]}<\/script>\n<!-- \/ Yoast SEO plugin. -->","yoast_head_json":{"title":"Stazione 6 - Visit Cavaion","robots":{"index":"index","follow":"follow","max-snippet":"max-snippet:-1","max-image-preview":"max-image-preview:large","max-video-preview":"max-video-preview:-1"},"canonical":"https:\/\/visitcavaion.it\/de\/itinerari__trashed\/sentiero-del-monte-san-michele\/stazione-6\/","og_locale":"de_DE","og_type":"article","og_title":"Stazione 6 - Visit Cavaion","og_description":"Stazione 6 Home >> CTG El Preon >> Sentiero del Monte San Michele Home >> CTG El Preon >> Sentiero del Monte San Michele La cappella di San Michele chiesa di san fermo Nel XIX secolo i conti Ravignani fecero costruire una cappella gentilizia all\u2019interno della propriet\u00e0 della villa, ora Palazzo Trombetta. Nel XX secolo [&hellip;]","og_url":"https:\/\/visitcavaion.it\/de\/itinerari__trashed\/sentiero-del-monte-san-michele\/stazione-6\/","og_site_name":"Visit Cavaion","article_modified_time":"2023-04-27T14:40:51+00:00","og_image":[{"url":"https:\/\/visitcavaion.it\/wp-content\/uploads\/2023\/03\/Group-79.png","type":"","width":"","height":""}],"twitter_card":"summary_large_image","twitter_misc":{"Gesch\u00e4tzte Lesezeit":"3\u00a0Minuten"},"schema":{"@context":"https:\/\/schema.org","@graph":[{"@type":"WebPage","@id":"https:\/\/visitcavaion.it\/itinerari__trashed\/sentiero-del-monte-san-michele\/stazione-6\/","url":"https:\/\/visitcavaion.it\/itinerari__trashed\/sentiero-del-monte-san-michele\/stazione-6\/","name":"Stazione 6 - Visit Cavaion","isPartOf":{"@id":"https:\/\/visitcavaion.it\/#website"},"primaryImageOfPage":{"@id":"https:\/\/visitcavaion.it\/itinerari__trashed\/sentiero-del-monte-san-michele\/stazione-6\/#primaryimage"},"image":{"@id":"https:\/\/visitcavaion.it\/itinerari__trashed\/sentiero-del-monte-san-michele\/stazione-6\/#primaryimage"},"thumbnailUrl":"https:\/\/visitcavaion.it\/wp-content\/uploads\/2023\/03\/Group-79.png","datePublished":"2023-03-03T10:32:17+00:00","dateModified":"2023-04-27T14:40:51+00:00","breadcrumb":{"@id":"https:\/\/visitcavaion.it\/itinerari__trashed\/sentiero-del-monte-san-michele\/stazione-6\/#breadcrumb"},"inLanguage":"de","potentialAction":[{"@type":"ReadAction","target":["https:\/\/visitcavaion.it\/itinerari__trashed\/sentiero-del-monte-san-michele\/stazione-6\/"]}]},{"@type":"ImageObject","inLanguage":"de","@id":"https:\/\/visitcavaion.it\/itinerari__trashed\/sentiero-del-monte-san-michele\/stazione-6\/#primaryimage","url":"https:\/\/visitcavaion.it\/wp-content\/uploads\/2023\/03\/Group-79.png","contentUrl":"https:\/\/visitcavaion.it\/wp-content\/uploads\/2023\/03\/Group-79.png"},{"@type":"BreadcrumbList","@id":"https:\/\/visitcavaion.it\/itinerari__trashed\/sentiero-del-monte-san-michele\/stazione-6\/#breadcrumb","itemListElement":[{"@type":"ListItem","position":1,"name":"Home","item":"https:\/\/visitcavaion.it\/"},{"@type":"ListItem","position":2,"name":"Sentiero del Monte San Michele","item":"https:\/\/visitcavaion.it\/itinerari__trashed\/sentiero-del-monte-san-michele\/"},{"@type":"ListItem","position":3,"name":"Stazione 6"}]},{"@type":"WebSite","@id":"https:\/\/visitcavaion.it\/#website","url":"https:\/\/visitcavaion.it\/","name":"Visit Cavaion","description":"Official Website","potentialAction":[{"@type":"SearchAction","target":{"@type":"EntryPoint","urlTemplate":"https:\/\/visitcavaion.it\/?s={search_term_string}"},"query-input":{"@type":"PropertyValueSpecification","valueRequired":true,"valueName":"search_term_string"}}],"inLanguage":"de"}]}},"_links":{"self":[{"href":"https:\/\/visitcavaion.it\/de\/wp-json\/wp\/v2\/pages\/40","targetHints":{"allow":["GET"]}}],"collection":[{"href":"https:\/\/visitcavaion.it\/de\/wp-json\/wp\/v2\/pages"}],"about":[{"href":"https:\/\/visitcavaion.it\/de\/wp-json\/wp\/v2\/types\/page"}],"author":[{"embeddable":true,"href":"https:\/\/visitcavaion.it\/de\/wp-json\/wp\/v2\/users\/1"}],"replies":[{"embeddable":true,"href":"https:\/\/visitcavaion.it\/de\/wp-json\/wp\/v2\/comments?post=40"}],"version-history":[{"count":5,"href":"https:\/\/visitcavaion.it\/de\/wp-json\/wp\/v2\/pages\/40\/revisions"}],"predecessor-version":[{"id":2132,"href":"https:\/\/visitcavaion.it\/de\/wp-json\/wp\/v2\/pages\/40\/revisions\/2132"}],"up":[{"embeddable":true,"href":"https:\/\/visitcavaion.it\/de\/wp-json\/wp\/v2\/pages\/30"}],"wp:attachment":[{"href":"https:\/\/visitcavaion.it\/de\/wp-json\/wp\/v2\/media?parent=40"}],"curies":[{"name":"wp","href":"https:\/\/api.w.org\/{rel}","templated":true}]}}