{"id":34,"date":"2023-03-03T10:58:39","date_gmt":"2023-03-03T09:58:39","guid":{"rendered":"https:\/\/visitcavaion.it\/?page_id=34"},"modified":"2023-04-27T16:40:34","modified_gmt":"2023-04-27T14:40:34","slug":"stazione-2","status":"publish","type":"page","link":"https:\/\/visitcavaion.it\/de\/sentiero-del-monte-san-michele\/stazione-2\/","title":{"rendered":"Stationen 2"},"content":{"rendered":"<div data-elementor-type=\"wp-page\" data-elementor-id=\"34\" class=\"elementor elementor-34\" data-elementor-post-type=\"page\">\n\t\t\t\t\t\t<section class=\"elementor-section elementor-top-section elementor-element elementor-element-2b9b7ab elementor-section-boxed elementor-section-height-default elementor-section-height-default\" data-id=\"2b9b7ab\" data-element_type=\"section\" data-e-type=\"section\" data-settings=\"{&quot;background_background&quot;:&quot;classic&quot;}\">\n\t\t\t\t\t\t\t<div class=\"elementor-background-overlay\"><\/div>\n\t\t\t\t\t\t\t<div class=\"elementor-container elementor-column-gap-default\">\n\t\t\t\t\t<div class=\"elementor-column elementor-col-100 elementor-top-column elementor-element elementor-element-2e5adc2\" data-id=\"2e5adc2\" data-element_type=\"column\" data-e-type=\"column\" data-settings=\"{&quot;background_background&quot;:&quot;classic&quot;}\">\n\t\t\t<div class=\"elementor-widget-wrap elementor-element-populated\">\n\t\t\t\t\t\t<section class=\"elementor-section elementor-inner-section elementor-element elementor-element-faf679f elementor-section-boxed elementor-section-height-default elementor-section-height-default\" data-id=\"faf679f\" data-element_type=\"section\" data-e-type=\"section\">\n\t\t\t\t\t\t<div class=\"elementor-container elementor-column-gap-default\">\n\t\t\t\t\t<div class=\"elementor-column elementor-col-100 elementor-inner-column elementor-element elementor-element-56fa910\" data-id=\"56fa910\" data-element_type=\"column\" data-e-type=\"column\">\n\t\t\t<div class=\"elementor-widget-wrap elementor-element-populated\">\n\t\t\t\t\t\t<div class=\"elementor-element elementor-element-738395b sfuma elementor-widget__width-auto elementor-widget elementor-widget-heading\" data-id=\"738395b\" data-element_type=\"widget\" data-e-type=\"widget\" data-widget_type=\"heading.default\">\n\t\t\t\t<div class=\"elementor-widget-container\">\n\t\t\t\t\t<h2 class=\"elementor-heading-title elementor-size-default\">Stationen 2<\/h2>\t\t\t\t<\/div>\n\t\t\t\t<\/div>\n\t\t\t\t\t<\/div>\n\t\t<\/div>\n\t\t\t\t\t<\/div>\n\t\t<\/section>\n\t\t\t\t<div class=\"elementor-element elementor-element-2131855 elementor-absolute elementor-widget__width-auto elementor-widget elementor-widget-image\" data-id=\"2131855\" data-element_type=\"widget\" data-e-type=\"widget\" data-settings=\"{&quot;_position&quot;:&quot;absolute&quot;}\" data-widget_type=\"image.default\">\n\t\t\t\t<div class=\"elementor-widget-container\">\n\t\t\t\t\t\t\t\t\t\t\t\t\t\t\t<img decoding=\"async\" width=\"166\" height=\"164\" src=\"https:\/\/visitcavaion.it\/wp-content\/uploads\/2023\/03\/Group-79.png\" class=\"attachment-full size-full wp-image-284\" alt=\"\" \/>\t\t\t\t\t\t\t\t\t\t\t\t\t\t\t<\/div>\n\t\t\t\t<\/div>\n\t\t\t\t<div class=\"elementor-element elementor-element-cc657e2 elementor-hidden-desktop elementor-hidden-tablet elementor-widget elementor-widget-heading\" data-id=\"cc657e2\" data-element_type=\"widget\" data-e-type=\"widget\" data-widget_type=\"heading.default\">\n\t\t\t\t<div class=\"elementor-widget-container\">\n\t\t\t\t\t<h2 class=\"elementor-heading-title elementor-size-default\">Home &gt;&gt; CTG El Preon &gt;&gt;<b> Weg des Monte San Michele<\/b><\/h2>\t\t\t\t<\/div>\n\t\t\t\t<\/div>\n\t\t\t\t<div class=\"elementor-element elementor-element-52e0197 elementor-widget-divider--view-line_text elementor-widget-divider--element-align-right elementor-hidden-mobile elementor-widget elementor-widget-divider\" data-id=\"52e0197\" data-element_type=\"widget\" data-e-type=\"widget\" data-widget_type=\"divider.default\">\n\t\t\t\t<div class=\"elementor-widget-container\">\n\t\t\t\t\t\t\t<div class=\"elementor-divider\">\n\t\t\t<span class=\"elementor-divider-separator\">\n\t\t\t\t\t\t\t<span class=\"elementor-divider__text elementor-divider__element\">\n\t\t\t\tHome >> CTG El Preon >><b> Weg des Monte San Michele<\/b>\t\t\t\t<\/span>\n\t\t\t\t\t\t<\/span>\n\t\t<\/div>\n\t\t\t\t\t\t<\/div>\n\t\t\t\t<\/div>\n\t\t\t\t<div class=\"elementor-element elementor-element-133bbf1 elementor-widget elementor-widget-heading\" data-id=\"133bbf1\" data-element_type=\"widget\" data-e-type=\"widget\" data-widget_type=\"heading.default\">\n\t\t\t\t<div class=\"elementor-widget-container\">\n\t\t\t\t\t<h2 class=\"elementor-heading-title elementor-size-default\">Enstehung des Gardsees<\/h2>\t\t\t\t<\/div>\n\t\t\t\t<\/div>\n\t\t\t\t<div class=\"elementor-element elementor-element-187d5d3 elementor-widget elementor-widget-text-editor\" data-id=\"187d5d3\" data-element_type=\"widget\" data-e-type=\"widget\" data-widget_type=\"text-editor.default\">\n\t\t\t\t<div class=\"elementor-widget-container\">\n\t\t\t\t\t\t\t\t\t<p class=\"translation-block\">Nach der Ausdehnung und dem R\u00fcckzug der Gletscher nahm Norditalien das uns bekannte Aussehen an. Es besteht aus einer hohen Gebirgskette (den Alpen), von Fl\u00fcssen und B\u00e4chen durchzogenen T\u00e4lern, einer Reihe von Seen, die alle senkrecht zur Achse der Alpenkette angeordnet sind, und einem Talrand aus sanften, fruchtbaren Mor\u00e4nenh\u00fcgeln. Angesichts der Tiefe des Zentralgebiets k\u00f6nnen jedoch nicht nur Gletscher f\u00fcr seine Entstehung verantwortlich gewesen sein. Vielmehr waren es fr\u00fcher die Fl\u00fcsse, die durch ihre Erosion enge und tiefe T\u00e4ler schufen, die den Gletschermassen bei ihrer sp\u00e4teren Ausdehnung als Orientierung dienten.\nDies geschah vor 7-8 Millionen Jahren, als sich die enge Passage zwischen dem Atlantik und dem Mittelmeer (Stra\u00dfe von Gibraltar) schloss und letzteres zu einem geschlossenen Becken mit fortschreitender Verdunstung des Wassers wurde.<\/p><p class=\"translation-block\">Als die Verbindung zum Ozean wiederhergestellt war, \u00fcberschwemmte das Meer zun\u00e4chst das zuvor entstandene Land, zog sich dann mit der Abk\u00fchlung des Klimas zur\u00fcck und \u00fcberlie\u00df den Gletschern die Aufgabe, die heutige Topographie zu gestalten. Das Zusammenwirken von fl\u00fcssigem (Fl\u00fcsse) und festem (Gletscher) Wasser hat den Alpenseen eine beachtliche Tiefe verliehen. Den europ\u00e4ischen Rekord h\u00e4lt der Comer See mit einer Tiefe von 410 Metern.<\/p>\t\t\t\t\t\t\t\t<\/div>\n\t\t\t\t<\/div>\n\t\t\t\t<section class=\"elementor-section elementor-inner-section elementor-element elementor-element-2d43ad4 elementor-section-boxed elementor-section-height-default elementor-section-height-default\" data-id=\"2d43ad4\" data-element_type=\"section\" data-e-type=\"section\">\n\t\t\t\t\t\t<div class=\"elementor-container elementor-column-gap-default\">\n\t\t\t\t\t<div class=\"elementor-column elementor-col-100 elementor-inner-column elementor-element elementor-element-637232a\" data-id=\"637232a\" data-element_type=\"column\" data-e-type=\"column\">\n\t\t\t<div class=\"elementor-widget-wrap elementor-element-populated\">\n\t\t\t\t\t\t<div class=\"elementor-element elementor-element-1ac23aa gallery-spacing-custom info-gallery elementor-widget elementor-widget-image-gallery\" data-id=\"1ac23aa\" data-element_type=\"widget\" data-e-type=\"widget\" data-widget_type=\"image-gallery.default\">\n\t\t\t\t<div class=\"elementor-widget-container\">\n\t\t\t\t\t\t\t<div class=\"elementor-image-gallery\">\n\t\t\t<div id='gallery-1' class='gallery galleryid-34 gallery-columns-2 gallery-size-medium'><figure class='gallery-item'>\n\t\t\t<div class='gallery-icon landscape'>\n\t\t\t\t<a data-elementor-open-lightbox=\"yes\" data-elementor-lightbox-slideshow=\"1ac23aa\" data-elementor-lightbox-title=\"azione erosiva dei fiumi\" data-e-action-hash=\"#elementor-action%3Aaction%3Dlightbox%26settings%3DeyJpZCI6NTQyLCJ1cmwiOiJodHRwczpcL1wvdmlzaXRjYXZhaW9uLml0XC93cC1jb250ZW50XC91cGxvYWRzXC8yMDIzXC8wM1wvYXppb25lLWVyb3NpdmEtZGVpLWZpdW1pLmpwZyIsInNsaWRlc2hvdyI6IjFhYzIzYWEifQ%3D%3D\" href='https:\/\/visitcavaion.it\/wp-content\/uploads\/2023\/03\/azione-erosiva-dei-fiumi.jpg'><img fetchpriority=\"high\" width=\"300\" height=\"185\" src=\"https:\/\/visitcavaion.it\/wp-content\/uploads\/2023\/03\/azione-erosiva-dei-fiumi-300x185.jpg\" class=\"attachment-medium size-medium\" alt=\"\" decoding=\"async\" srcset=\"https:\/\/visitcavaion.it\/wp-content\/uploads\/2023\/03\/azione-erosiva-dei-fiumi-300x185.jpg 300w, https:\/\/visitcavaion.it\/wp-content\/uploads\/2023\/03\/azione-erosiva-dei-fiumi-1024x631.jpg 1024w, https:\/\/visitcavaion.it\/wp-content\/uploads\/2023\/03\/azione-erosiva-dei-fiumi-768x473.jpg 768w, https:\/\/visitcavaion.it\/wp-content\/uploads\/2023\/03\/azione-erosiva-dei-fiumi.jpg 1504w\" sizes=\"(max-width: 300px) 100vw, 300px\" \/><\/a>\n\t\t\t<\/div><\/figure><figure class='gallery-item'>\n\t\t\t<div class='gallery-icon landscape'>\n\t\t\t\t<a data-elementor-open-lightbox=\"yes\" data-elementor-lightbox-slideshow=\"1ac23aa\" data-elementor-lightbox-title=\"formazione glaciale del lago di GARDA\" data-e-action-hash=\"#elementor-action%3Aaction%3Dlightbox%26settings%3DeyJpZCI6NTQxLCJ1cmwiOiJodHRwczpcL1wvdmlzaXRjYXZhaW9uLml0XC93cC1jb250ZW50XC91cGxvYWRzXC8yMDIzXC8wM1wvZm9ybWF6aW9uZS1nbGFjaWFsZS1kZWwtbGFnby1kaS1HQVJEQS5qcGciLCJzbGlkZXNob3ciOiIxYWMyM2FhIn0%3D\" href='https:\/\/visitcavaion.it\/wp-content\/uploads\/2023\/03\/formazione-glaciale-del-lago-di-GARDA.jpg'><img width=\"300\" height=\"166\" src=\"https:\/\/visitcavaion.it\/wp-content\/uploads\/2023\/03\/formazione-glaciale-del-lago-di-GARDA-300x166.jpg\" class=\"attachment-medium size-medium\" alt=\"\" aria-describedby=\"gallery-1-541\" decoding=\"async\" srcset=\"https:\/\/visitcavaion.it\/wp-content\/uploads\/2023\/03\/formazione-glaciale-del-lago-di-GARDA-300x166.jpg 300w, https:\/\/visitcavaion.it\/wp-content\/uploads\/2023\/03\/formazione-glaciale-del-lago-di-GARDA-1024x566.jpg 1024w, https:\/\/visitcavaion.it\/wp-content\/uploads\/2023\/03\/formazione-glaciale-del-lago-di-GARDA-768x424.jpg 768w, https:\/\/visitcavaion.it\/wp-content\/uploads\/2023\/03\/formazione-glaciale-del-lago-di-GARDA-1536x848.jpg 1536w, https:\/\/visitcavaion.it\/wp-content\/uploads\/2023\/03\/formazione-glaciale-del-lago-di-GARDA-2048x1131.jpg 2048w\" sizes=\"(max-width: 300px) 100vw, 300px\" \/><\/a>\n\t\t\t<\/div>\n\t\t\t\t<figcaption class='wp-caption-text gallery-caption' id='gallery-1-541'>\n\t\t\t\tGLETSCHERBILDUNG DES GARDASEES\n\t\t\t\t<\/figcaption><\/figure>\n\t\t<\/div>\n\t\t<\/div>\n\t\t\t\t\t\t<\/div>\n\t\t\t\t<\/div>\n\t\t\t\t\t<\/div>\n\t\t<\/div>\n\t\t\t\t\t<\/div>\n\t\t<\/section>\n\t\t\t\t\t<\/div>\n\t\t<\/div>\n\t\t\t\t\t<\/div>\n\t\t<\/section>\n\t\t\t\t<section class=\"elementor-section elementor-top-section elementor-element elementor-element-f731582 elementor-section-boxed elementor-section-height-default elementor-section-height-default\" data-id=\"f731582\" data-element_type=\"section\" data-e-type=\"section\">\n\t\t\t\t\t\t<div class=\"elementor-container elementor-column-gap-default\">\n\t\t\t\t\t<div class=\"elementor-column elementor-col-100 elementor-top-column elementor-element elementor-element-40be11c\" data-id=\"40be11c\" data-element_type=\"column\" data-e-type=\"column\">\n\t\t\t<div class=\"elementor-widget-wrap elementor-element-populated\">\n\t\t\t\t\t\t<div class=\"elementor-element elementor-element-8df2769 gallery-spacing-custom elementor-widget elementor-widget-image-gallery\" data-id=\"8df2769\" data-element_type=\"widget\" data-e-type=\"widget\" data-widget_type=\"image-gallery.default\">\n\t\t\t\t<div class=\"elementor-widget-container\">\n\t\t\t\t\t\t\t<div class=\"elementor-image-gallery\">\n\t\t\t<div id='gallery-2' class='gallery galleryid-34 gallery-columns-1 gallery-size-full'><figure class='gallery-item'>\n\t\t\t<div class='gallery-icon landscape'>\n\t\t\t\t<a data-elementor-open-lightbox=\"yes\" data-elementor-lightbox-slideshow=\"8df2769\" data-elementor-lightbox-title=\"lago-di-garda\" data-e-action-hash=\"#elementor-action%3Aaction%3Dlightbox%26settings%3DeyJpZCI6NTQzLCJ1cmwiOiJodHRwczpcL1wvdmlzaXRjYXZhaW9uLml0XC93cC1jb250ZW50XC91cGxvYWRzXC8yMDIzXC8wM1wvbGFnby1kaS1nYXJkYS5wbmciLCJzbGlkZXNob3ciOiI4ZGYyNzY5In0%3D\" href='https:\/\/visitcavaion.it\/wp-content\/uploads\/2023\/03\/lago-di-garda.png'><img loading=\"lazy\" width=\"1920\" height=\"800\" src=\"https:\/\/visitcavaion.it\/wp-content\/uploads\/2023\/03\/lago-di-garda.png\" class=\"attachment-full size-full\" alt=\"\" decoding=\"async\" srcset=\"https:\/\/visitcavaion.it\/wp-content\/uploads\/2023\/03\/lago-di-garda.png 1920w, https:\/\/visitcavaion.it\/wp-content\/uploads\/2023\/03\/lago-di-garda-300x125.png 300w, https:\/\/visitcavaion.it\/wp-content\/uploads\/2023\/03\/lago-di-garda-1024x427.png 1024w, https:\/\/visitcavaion.it\/wp-content\/uploads\/2023\/03\/lago-di-garda-768x320.png 768w, https:\/\/visitcavaion.it\/wp-content\/uploads\/2023\/03\/lago-di-garda-1536x640.png 1536w\" sizes=\"(max-width: 1920px) 100vw, 1920px\" \/><\/a>\n\t\t\t<\/div><\/figure>\n\t\t<\/div>\n\t\t<\/div>\n\t\t\t\t\t\t<\/div>\n\t\t\t\t<\/div>\n\t\t\t\t\t<\/div>\n\t\t<\/div>\n\t\t\t\t\t<\/div>\n\t\t<\/section>\n\t\t\t\t<section class=\"elementor-section elementor-top-section elementor-element elementor-element-c9a401e elementor-section-boxed elementor-section-height-default elementor-section-height-default\" data-id=\"c9a401e\" data-element_type=\"section\" data-e-type=\"section\">\n\t\t\t\t\t\t<div class=\"elementor-container elementor-column-gap-default\">\n\t\t\t\t\t<div class=\"elementor-column elementor-col-100 elementor-top-column elementor-element elementor-element-a3a9377\" data-id=\"a3a9377\" data-element_type=\"column\" data-e-type=\"column\">\n\t\t\t<div class=\"elementor-widget-wrap elementor-element-populated\">\n\t\t\t\t\t\t<div class=\"elementor-element elementor-element-cf3ab14 elementor-widget elementor-widget-text-editor\" data-id=\"cf3ab14\" data-element_type=\"widget\" data-e-type=\"widget\" data-widget_type=\"text-editor.default\">\n\t\t\t\t<div class=\"elementor-widget-container\">\n\t\t\t\t\t\t\t\t\t<p class=\"translation-block\">Die Gruppe CTG El Preon APS hat beschlossen, diese Route zwischen Natur, Geschichte und Tradition einem ihrer Gr\u00fcndungsmitglieder, Romano Giacomelli, zu widmen. Dieser hat sich unerm\u00fcdlich f\u00fcr die Kultur und die Bildung in Cavaion eingesetzt und ist 2022 verstorben.<\/p>\t\t\t\t\t\t\t\t<\/div>\n\t\t\t\t<\/div>\n\t\t\t\t\t<\/div>\n\t\t<\/div>\n\t\t\t\t\t<\/div>\n\t\t<\/section>\n\t\t\t\t<section class=\"elementor-section elementor-top-section elementor-element elementor-element-6669076 elementor-hidden-desktop elementor-section-boxed elementor-section-height-default elementor-section-height-default\" data-id=\"6669076\" data-element_type=\"section\" data-e-type=\"section\">\n\t\t\t\t\t\t<div class=\"elementor-container elementor-column-gap-default\">\n\t\t\t\t\t<div class=\"elementor-column elementor-col-100 elementor-top-column elementor-element elementor-element-82a23b0\" data-id=\"82a23b0\" data-element_type=\"column\" data-e-type=\"column\">\n\t\t\t<div class=\"elementor-widget-wrap elementor-element-populated\">\n\t\t\t\t\t\t<div class=\"elementor-element elementor-element-d8298e7 elementor-icon-list--layout-inline elementor-mobile-align-center elementor-widget-mobile__width-auto elementor-fixed elementor-list-item-link-full_width elementor-widget elementor-widget-icon-list\" data-id=\"d8298e7\" data-element_type=\"widget\" data-e-type=\"widget\" data-settings=\"{&quot;_position&quot;:&quot;fixed&quot;}\" data-widget_type=\"icon-list.default\">\n\t\t\t\t<div class=\"elementor-widget-container\">\n\t\t\t\t\t\t\t<ul class=\"elementor-icon-list-items elementor-inline-items\">\n\t\t\t\t\t\t\t<li class=\"elementor-icon-list-item elementor-inline-item\">\n\t\t\t\t\t\t\t\t\t\t\t<a href=\"https:\/\/visitcavaion.it\/de\/ctg-el-preon\/sentiero-del-monte-san-michele\/stazione-1\/\">\n\n\t\t\t\t\t\t\t\t\t\t\t\t<span class=\"elementor-icon-list-icon\">\n\t\t\t\t\t\t\t<i aria-hidden=\"true\" class=\"far fa-arrow-alt-circle-left\"><\/i>\t\t\t\t\t\t<\/span>\n\t\t\t\t\t\t\t\t\t\t<span class=\"elementor-icon-list-text\"><\/span>\n\t\t\t\t\t\t\t\t\t\t\t<\/a>\n\t\t\t\t\t\t\t\t\t<\/li>\n\t\t\t\t\t\t\t\t<li class=\"elementor-icon-list-item elementor-inline-item\">\n\t\t\t\t\t\t\t\t\t\t\t<a href=\"https:\/\/visitcavaion.it\/de\/ctg-el-preon\/sentiero-del-monte-san-michele\/stazione-3\/\">\n\n\t\t\t\t\t\t\t\t\t\t\t\t<span class=\"elementor-icon-list-icon\">\n\t\t\t\t\t\t\t<i aria-hidden=\"true\" class=\"far fa-arrow-alt-circle-right\"><\/i>\t\t\t\t\t\t<\/span>\n\t\t\t\t\t\t\t\t\t\t<span class=\"elementor-icon-list-text\"><\/span>\n\t\t\t\t\t\t\t\t\t\t\t<\/a>\n\t\t\t\t\t\t\t\t\t<\/li>\n\t\t\t\t\t\t<\/ul>\n\t\t\t\t\t\t<\/div>\n\t\t\t\t<\/div>\n\t\t\t\t\t<\/div>\n\t\t<\/div>\n\t\t\t\t\t<\/div>\n\t\t<\/section>\n\t\t\t\t<\/div>","protected":false},"excerpt":{"rendered":"<p>Stazione 2 Home >> CTG El Preon >> Sentiero del Monte San Michele Home >> CTG El Preon >> Sentiero del Monte San Michele Origine del Lago di Garda In seguito all\u2019espandersi ed al ritirarsi dei ghiacciai, l\u2019Italia settentrionale aveva assunto l\u2019aspetto che conosciamo, con una catena montuosa elevata (le Alpi), valli incise da fiumi [&hellip;]<\/p>\n","protected":false},"author":1,"featured_media":0,"parent":30,"menu_order":0,"comment_status":"closed","ping_status":"closed","template":"","meta":{"footnotes":""},"class_list":["post-34","page","type-page","status-publish","hentry"],"yoast_head":"<!-- This site is optimized with the Yoast SEO plugin v27.6 - https:\/\/yoast.com\/product\/yoast-seo-wordpress\/ -->\n<title>Stazione 2 - Visit Cavaion<\/title>\n<meta name=\"robots\" content=\"index, follow, max-snippet:-1, max-image-preview:large, max-video-preview:-1\" \/>\n<link rel=\"canonical\" href=\"https:\/\/visitcavaion.it\/de\/itinerari__trashed\/sentiero-del-monte-san-michele\/stazione-2\/\" \/>\n<meta property=\"og:locale\" content=\"de_DE\" \/>\n<meta property=\"og:type\" content=\"article\" \/>\n<meta property=\"og:title\" content=\"Stazione 2 - Visit Cavaion\" \/>\n<meta property=\"og:description\" content=\"Stazione 2 Home &gt;&gt; CTG El Preon &gt;&gt; Sentiero del Monte San Michele Home &gt;&gt; CTG El Preon &gt;&gt; Sentiero del Monte San Michele Origine del Lago di Garda In seguito all\u2019espandersi ed al ritirarsi dei ghiacciai, l\u2019Italia settentrionale aveva assunto l\u2019aspetto che conosciamo, con una catena montuosa elevata (le Alpi), valli incise da fiumi [&hellip;]\" \/>\n<meta property=\"og:url\" content=\"https:\/\/visitcavaion.it\/de\/itinerari__trashed\/sentiero-del-monte-san-michele\/stazione-2\/\" \/>\n<meta property=\"og:site_name\" content=\"Visit Cavaion\" \/>\n<meta property=\"article:modified_time\" content=\"2023-04-27T14:40:34+00:00\" \/>\n<meta property=\"og:image\" content=\"https:\/\/visitcavaion.it\/wp-content\/uploads\/2023\/03\/Group-79.png\" \/>\n<meta name=\"twitter:card\" content=\"summary_large_image\" \/>\n<meta name=\"twitter:label1\" content=\"Gesch\u00e4tzte Lesezeit\" \/>\n\t<meta name=\"twitter:data1\" content=\"3\u00a0Minuten\" \/>\n<script type=\"application\/ld+json\" class=\"yoast-schema-graph\">{\"@context\":\"https:\\\/\\\/schema.org\",\"@graph\":[{\"@type\":\"WebPage\",\"@id\":\"https:\\\/\\\/visitcavaion.it\\\/itinerari__trashed\\\/sentiero-del-monte-san-michele\\\/stazione-2\\\/\",\"url\":\"https:\\\/\\\/visitcavaion.it\\\/itinerari__trashed\\\/sentiero-del-monte-san-michele\\\/stazione-2\\\/\",\"name\":\"Stazione 2 - Visit Cavaion\",\"isPartOf\":{\"@id\":\"https:\\\/\\\/visitcavaion.it\\\/#website\"},\"primaryImageOfPage\":{\"@id\":\"https:\\\/\\\/visitcavaion.it\\\/itinerari__trashed\\\/sentiero-del-monte-san-michele\\\/stazione-2\\\/#primaryimage\"},\"image\":{\"@id\":\"https:\\\/\\\/visitcavaion.it\\\/itinerari__trashed\\\/sentiero-del-monte-san-michele\\\/stazione-2\\\/#primaryimage\"},\"thumbnailUrl\":\"https:\\\/\\\/visitcavaion.it\\\/wp-content\\\/uploads\\\/2023\\\/03\\\/Group-79.png\",\"datePublished\":\"2023-03-03T09:58:39+00:00\",\"dateModified\":\"2023-04-27T14:40:34+00:00\",\"breadcrumb\":{\"@id\":\"https:\\\/\\\/visitcavaion.it\\\/itinerari__trashed\\\/sentiero-del-monte-san-michele\\\/stazione-2\\\/#breadcrumb\"},\"inLanguage\":\"de\",\"potentialAction\":[{\"@type\":\"ReadAction\",\"target\":[\"https:\\\/\\\/visitcavaion.it\\\/itinerari__trashed\\\/sentiero-del-monte-san-michele\\\/stazione-2\\\/\"]}]},{\"@type\":\"ImageObject\",\"inLanguage\":\"de\",\"@id\":\"https:\\\/\\\/visitcavaion.it\\\/itinerari__trashed\\\/sentiero-del-monte-san-michele\\\/stazione-2\\\/#primaryimage\",\"url\":\"https:\\\/\\\/visitcavaion.it\\\/wp-content\\\/uploads\\\/2023\\\/03\\\/Group-79.png\",\"contentUrl\":\"https:\\\/\\\/visitcavaion.it\\\/wp-content\\\/uploads\\\/2023\\\/03\\\/Group-79.png\"},{\"@type\":\"BreadcrumbList\",\"@id\":\"https:\\\/\\\/visitcavaion.it\\\/itinerari__trashed\\\/sentiero-del-monte-san-michele\\\/stazione-2\\\/#breadcrumb\",\"itemListElement\":[{\"@type\":\"ListItem\",\"position\":1,\"name\":\"Home\",\"item\":\"https:\\\/\\\/visitcavaion.it\\\/\"},{\"@type\":\"ListItem\",\"position\":2,\"name\":\"Sentiero del Monte San Michele\",\"item\":\"https:\\\/\\\/visitcavaion.it\\\/itinerari__trashed\\\/sentiero-del-monte-san-michele\\\/\"},{\"@type\":\"ListItem\",\"position\":3,\"name\":\"Stazione 2\"}]},{\"@type\":\"WebSite\",\"@id\":\"https:\\\/\\\/visitcavaion.it\\\/#website\",\"url\":\"https:\\\/\\\/visitcavaion.it\\\/\",\"name\":\"Visit Cavaion\",\"description\":\"Official Website\",\"potentialAction\":[{\"@type\":\"SearchAction\",\"target\":{\"@type\":\"EntryPoint\",\"urlTemplate\":\"https:\\\/\\\/visitcavaion.it\\\/?s={search_term_string}\"},\"query-input\":{\"@type\":\"PropertyValueSpecification\",\"valueRequired\":true,\"valueName\":\"search_term_string\"}}],\"inLanguage\":\"de\"}]}<\/script>\n<!-- \/ Yoast SEO plugin. -->","yoast_head_json":{"title":"Stazione 2 - Visit Cavaion","robots":{"index":"index","follow":"follow","max-snippet":"max-snippet:-1","max-image-preview":"max-image-preview:large","max-video-preview":"max-video-preview:-1"},"canonical":"https:\/\/visitcavaion.it\/de\/itinerari__trashed\/sentiero-del-monte-san-michele\/stazione-2\/","og_locale":"de_DE","og_type":"article","og_title":"Stazione 2 - Visit Cavaion","og_description":"Stazione 2 Home >> CTG El Preon >> Sentiero del Monte San Michele Home >> CTG El Preon >> Sentiero del Monte San Michele Origine del Lago di Garda In seguito all\u2019espandersi ed al ritirarsi dei ghiacciai, l\u2019Italia settentrionale aveva assunto l\u2019aspetto che conosciamo, con una catena montuosa elevata (le Alpi), valli incise da fiumi [&hellip;]","og_url":"https:\/\/visitcavaion.it\/de\/itinerari__trashed\/sentiero-del-monte-san-michele\/stazione-2\/","og_site_name":"Visit Cavaion","article_modified_time":"2023-04-27T14:40:34+00:00","og_image":[{"url":"https:\/\/visitcavaion.it\/wp-content\/uploads\/2023\/03\/Group-79.png","type":"","width":"","height":""}],"twitter_card":"summary_large_image","twitter_misc":{"Gesch\u00e4tzte Lesezeit":"3\u00a0Minuten"},"schema":{"@context":"https:\/\/schema.org","@graph":[{"@type":"WebPage","@id":"https:\/\/visitcavaion.it\/itinerari__trashed\/sentiero-del-monte-san-michele\/stazione-2\/","url":"https:\/\/visitcavaion.it\/itinerari__trashed\/sentiero-del-monte-san-michele\/stazione-2\/","name":"Stazione 2 - Visit Cavaion","isPartOf":{"@id":"https:\/\/visitcavaion.it\/#website"},"primaryImageOfPage":{"@id":"https:\/\/visitcavaion.it\/itinerari__trashed\/sentiero-del-monte-san-michele\/stazione-2\/#primaryimage"},"image":{"@id":"https:\/\/visitcavaion.it\/itinerari__trashed\/sentiero-del-monte-san-michele\/stazione-2\/#primaryimage"},"thumbnailUrl":"https:\/\/visitcavaion.it\/wp-content\/uploads\/2023\/03\/Group-79.png","datePublished":"2023-03-03T09:58:39+00:00","dateModified":"2023-04-27T14:40:34+00:00","breadcrumb":{"@id":"https:\/\/visitcavaion.it\/itinerari__trashed\/sentiero-del-monte-san-michele\/stazione-2\/#breadcrumb"},"inLanguage":"de","potentialAction":[{"@type":"ReadAction","target":["https:\/\/visitcavaion.it\/itinerari__trashed\/sentiero-del-monte-san-michele\/stazione-2\/"]}]},{"@type":"ImageObject","inLanguage":"de","@id":"https:\/\/visitcavaion.it\/itinerari__trashed\/sentiero-del-monte-san-michele\/stazione-2\/#primaryimage","url":"https:\/\/visitcavaion.it\/wp-content\/uploads\/2023\/03\/Group-79.png","contentUrl":"https:\/\/visitcavaion.it\/wp-content\/uploads\/2023\/03\/Group-79.png"},{"@type":"BreadcrumbList","@id":"https:\/\/visitcavaion.it\/itinerari__trashed\/sentiero-del-monte-san-michele\/stazione-2\/#breadcrumb","itemListElement":[{"@type":"ListItem","position":1,"name":"Home","item":"https:\/\/visitcavaion.it\/"},{"@type":"ListItem","position":2,"name":"Sentiero del Monte San Michele","item":"https:\/\/visitcavaion.it\/itinerari__trashed\/sentiero-del-monte-san-michele\/"},{"@type":"ListItem","position":3,"name":"Stazione 2"}]},{"@type":"WebSite","@id":"https:\/\/visitcavaion.it\/#website","url":"https:\/\/visitcavaion.it\/","name":"Visit Cavaion","description":"Official Website","potentialAction":[{"@type":"SearchAction","target":{"@type":"EntryPoint","urlTemplate":"https:\/\/visitcavaion.it\/?s={search_term_string}"},"query-input":{"@type":"PropertyValueSpecification","valueRequired":true,"valueName":"search_term_string"}}],"inLanguage":"de"}]}},"_links":{"self":[{"href":"https:\/\/visitcavaion.it\/de\/wp-json\/wp\/v2\/pages\/34","targetHints":{"allow":["GET"]}}],"collection":[{"href":"https:\/\/visitcavaion.it\/de\/wp-json\/wp\/v2\/pages"}],"about":[{"href":"https:\/\/visitcavaion.it\/de\/wp-json\/wp\/v2\/types\/page"}],"author":[{"embeddable":true,"href":"https:\/\/visitcavaion.it\/de\/wp-json\/wp\/v2\/users\/1"}],"replies":[{"embeddable":true,"href":"https:\/\/visitcavaion.it\/de\/wp-json\/wp\/v2\/comments?post=34"}],"version-history":[{"count":5,"href":"https:\/\/visitcavaion.it\/de\/wp-json\/wp\/v2\/pages\/34\/revisions"}],"predecessor-version":[{"id":2120,"href":"https:\/\/visitcavaion.it\/de\/wp-json\/wp\/v2\/pages\/34\/revisions\/2120"}],"up":[{"embeddable":true,"href":"https:\/\/visitcavaion.it\/de\/wp-json\/wp\/v2\/pages\/30"}],"wp:attachment":[{"href":"https:\/\/visitcavaion.it\/de\/wp-json\/wp\/v2\/media?parent=34"}],"curies":[{"name":"wp","href":"https:\/\/api.w.org\/{rel}","templated":true}]}}