{"id":2576,"date":"2023-07-04T10:03:08","date_gmt":"2023-07-04T08:03:08","guid":{"rendered":"https:\/\/visitcavaion.it\/?page_id=2576"},"modified":"2025-07-03T14:19:56","modified_gmt":"2025-07-03T12:19:56","slug":"festa-della-madonna-del-carmine","status":"publish","type":"page","link":"https:\/\/visitcavaion.it\/de\/eventi\/festa-della-madonna-del-carmine\/","title":{"rendered":"Festa della Madonna del Carmine"},"content":{"rendered":"<div data-elementor-type=\"wp-page\" data-elementor-id=\"2576\" class=\"elementor elementor-2576\" data-elementor-post-type=\"page\">\n\t\t\t\t\t\t<section class=\"elementor-section elementor-top-section elementor-element elementor-element-dcea3a4 elementor-section-full_width elementor-section-height-default elementor-section-height-default\" data-id=\"dcea3a4\" data-element_type=\"section\" data-e-type=\"section\" data-settings=\"{&quot;background_background&quot;:&quot;classic&quot;,&quot;shape_divider_bottom&quot;:&quot;mountains&quot;}\">\n\t\t\t\t\t<div class=\"elementor-shape elementor-shape-bottom\" aria-hidden=\"true\" data-negative=\"false\">\n\t\t\t<svg xmlns=\"http:\/\/www.w3.org\/2000\/svg\" viewbox=\"0 0 1000 100\" preserveaspectratio=\"none\">\n\t<path class=\"elementor-shape-fill\" opacity=\"0.33\" d=\"M473,67.3c-203.9,88.3-263.1-34-320.3,0C66,119.1,0,59.7,0,59.7V0h1000v59.7 c0,0-62.1,26.1-94.9,29.3c-32.8,3.3-62.8-12.3-75.8-22.1C806,49.6,745.3,8.7,694.9,4.7S492.4,59,473,67.3z\"\/>\n\t<path class=\"elementor-shape-fill\" opacity=\"0.66\" d=\"M734,67.3c-45.5,0-77.2-23.2-129.1-39.1c-28.6-8.7-150.3-10.1-254,39.1 s-91.7-34.4-149.2,0C115.7,118.3,0,39.8,0,39.8V0h1000v36.5c0,0-28.2-18.5-92.1-18.5C810.2,18.1,775.7,67.3,734,67.3z\"\/>\n\t<path class=\"elementor-shape-fill\" d=\"M766.1,28.9c-200-57.5-266,65.5-395.1,19.5C242,1.8,242,5.4,184.8,20.6C128,35.8,132.3,44.9,89.9,52.5C28.6,63.7,0,0,0,0 h1000c0,0-9.9,40.9-83.6,48.1S829.6,47,766.1,28.9z\"\/>\n<\/svg>\t\t<\/div>\n\t\t\t\t\t<div class=\"elementor-container elementor-column-gap-default\">\n\t\t\t\t\t<div class=\"elementor-column elementor-col-100 elementor-top-column elementor-element elementor-element-258ace3\" data-id=\"258ace3\" data-element_type=\"column\" data-e-type=\"column\">\n\t\t\t<div class=\"elementor-widget-wrap elementor-element-populated\">\n\t\t\t\t\t\t<section class=\"elementor-section elementor-inner-section elementor-element elementor-element-3ee0518 elementor-section-boxed elementor-section-height-default elementor-section-height-default\" data-id=\"3ee0518\" data-element_type=\"section\" data-e-type=\"section\">\n\t\t\t\t\t\t<div class=\"elementor-container elementor-column-gap-default\">\n\t\t\t\t\t<div class=\"elementor-column elementor-col-100 elementor-inner-column elementor-element elementor-element-f0821fd\" data-id=\"f0821fd\" data-element_type=\"column\" data-e-type=\"column\">\n\t\t\t<div class=\"elementor-widget-wrap elementor-element-populated\">\n\t\t\t\t\t\t<div class=\"elementor-element elementor-element-6c21ab4 elementor-widget__width-auto elementor-widget elementor-widget-heading\" data-id=\"6c21ab4\" data-element_type=\"widget\" data-e-type=\"widget\" data-widget_type=\"heading.default\">\n\t\t\t\t<div class=\"elementor-widget-container\">\n\t\t\t\t\t<h1 class=\"elementor-heading-title elementor-size-default\">Festa della Madonna del Carmine<\/h1>\t\t\t\t<\/div>\n\t\t\t\t<\/div>\n\t\t\t\t\t<\/div>\n\t\t<\/div>\n\t\t\t\t\t<\/div>\n\t\t<\/section>\n\t\t\t\t\t<\/div>\n\t\t<\/div>\n\t\t\t\t\t<\/div>\n\t\t<\/section>\n\t\t<div class=\"elementor-element elementor-element-6e946d8 e-flex e-con-boxed e-con e-parent\" data-id=\"6e946d8\" data-element_type=\"container\" data-e-type=\"container\">\n\t\t\t\t\t<div class=\"e-con-inner\">\n\t\t<div class=\"elementor-element elementor-element-76d0e79 e-flex e-con-boxed e-con e-child\" data-id=\"76d0e79\" data-element_type=\"container\" data-e-type=\"container\">\n\t\t\t\t\t<div class=\"e-con-inner\">\n\t\t\t\t<div class=\"elementor-element elementor-element-9d14d70 elementor-widget elementor-widget-text-editor\" data-id=\"9d14d70\" data-element_type=\"widget\" data-e-type=\"widget\" data-widget_type=\"text-editor.default\">\n\t\t\t\t<div class=\"elementor-widget-container\">\n\t\t\t\t\t\t\t\t\t<p>La Festa della Madonna del Carmine affonda le sue radici nelle profondit\u00e0 pi\u00f9 popolari della storia di Cavaion.<\/p><p>Le origini del nome risalgono addirittura al XVI secolo, quando era attiva, in paese, la Compagnia del Carmine (dal 1630, Confraternita del Carmine), che svolgeva un compito per cui non poteva certo passare inosservata: conduceva i defunti alla sepoltura. Il servizio della Confraternita si rivel\u00f2 particolarmente utile durante la peste del 1630 e le epidemie di colera che colpirono a pi\u00f9 riprese Cavaion, soprattutto nel XIX secolo. Cos\u00ec, la devozione per la Madonna del Carmine si sediment\u00f2 ulteriormente nell\u2019animo degli abitanti del paese, tanto che l\u2019antico nome della principale sagra di Cavaion, \u201cVergine di Carmelo\u201d, fu sostituito proprio da \u201cMadonna del Carmine\u201d.<\/p><p>Da qui, l\u2019intreccio con l\u2019origine contadina della festa, nata per concedere un momento di svago al paese in uno dei periodi pi\u00f9 impegnativi dell\u2019anno: quello estivo della mietitura. Siccome la Madonna del Carmine cadeva (e cade) alle porte della terza settimana di luglio, il 16, si incominci\u00f2 a organizzare la sagra la prima domenica successiva a questa sentita scadenza religiosa, abbinando devozione e divertimento. Infatti, dopo le solenni Funzioni, tutta Cavaion veniva animata da giochi tradizionali, musica e balli popolari.<\/p>\t\t\t\t\t\t\t\t<\/div>\n\t\t\t\t<\/div>\n\t\t\t\t\t<\/div>\n\t\t\t\t<\/div>\n\t\t\t\t\t<\/div>\n\t\t\t\t<\/div>\n\t\t<div class=\"elementor-element elementor-element-26dca49 e-flex e-con-boxed e-con e-parent\" data-id=\"26dca49\" data-element_type=\"container\" data-e-type=\"container\">\n\t\t\t\t\t<div class=\"e-con-inner\">\n\t\t\t\t<div class=\"elementor-element elementor-element-36b3b41 elementor-widget__width-auto sfuma elementor-widget-mobile__width-auto elementor-widget elementor-widget-heading\" data-id=\"36b3b41\" data-element_type=\"widget\" data-e-type=\"widget\" data-widget_type=\"heading.default\">\n\t\t\t\t<div class=\"elementor-widget-container\">\n\t\t\t\t\t<h2 class=\"elementor-heading-title elementor-size-default\">Edizioni<\/h2>\t\t\t\t<\/div>\n\t\t\t\t<\/div>\n\t\t\t\t\t<\/div>\n\t\t\t\t<\/div>\n\t\t<div class=\"elementor-element elementor-element-144581c e-flex e-con-boxed e-con e-parent\" data-id=\"144581c\" data-element_type=\"container\" data-e-type=\"container\">\n\t\t\t\t\t<div class=\"e-con-inner\">\n\t\t<div class=\"elementor-element elementor-element-b4c3195 e-flex e-con-boxed e-con e-child\" data-id=\"b4c3195\" data-element_type=\"container\" data-e-type=\"container\" data-settings=\"{&quot;background_background&quot;:&quot;classic&quot;}\">\n\t\t\t\t\t<div class=\"e-con-inner\">\n\t\t\t\t<div class=\"elementor-element elementor-element-2dea351 elementor-widget elementor-widget-image\" data-id=\"2dea351\" data-element_type=\"widget\" data-e-type=\"widget\" data-widget_type=\"image.default\">\n\t\t\t\t<div class=\"elementor-widget-container\">\n\t\t\t\t\t\t\t\t\t\t\t\t\t\t\t<img fetchpriority=\"high\" decoding=\"async\" width=\"1296\" height=\"1032\" src=\"https:\/\/visitcavaion.it\/wp-content\/uploads\/2025\/07\/cavaion-luglio-2025-1.jpg\" class=\"attachment-full size-full wp-image-4005\" alt=\"\" srcset=\"https:\/\/visitcavaion.it\/wp-content\/uploads\/2025\/07\/cavaion-luglio-2025-1.jpg 1296w, https:\/\/visitcavaion.it\/wp-content\/uploads\/2025\/07\/cavaion-luglio-2025-1-300x239.jpg 300w, https:\/\/visitcavaion.it\/wp-content\/uploads\/2025\/07\/cavaion-luglio-2025-1-1024x815.jpg 1024w, https:\/\/visitcavaion.it\/wp-content\/uploads\/2025\/07\/cavaion-luglio-2025-1-768x612.jpg 768w, https:\/\/visitcavaion.it\/wp-content\/uploads\/2025\/07\/cavaion-luglio-2025-1-15x12.jpg 15w\" sizes=\"(max-width: 1296px) 100vw, 1296px\" \/>\t\t\t\t\t\t\t\t\t\t\t\t\t\t\t<\/div>\n\t\t\t\t<\/div>\n\t\t\t\t<div class=\"elementor-element elementor-element-7866e5c elementor-widget elementor-widget-heading\" data-id=\"7866e5c\" data-element_type=\"widget\" data-e-type=\"widget\" data-widget_type=\"heading.default\">\n\t\t\t\t<div class=\"elementor-widget-container\">\n\t\t\t\t\t<h2 class=\"elementor-heading-title elementor-size-default\">293<sup>a <\/sup>Festa della Madonna del Carmine<\/h2>\t\t\t\t<\/div>\n\t\t\t\t<\/div>\n\t\t\t\t<div class=\"elementor-element elementor-element-739ade4 elementor-widget elementor-widget-heading\" data-id=\"739ade4\" data-element_type=\"widget\" data-e-type=\"widget\" data-widget_type=\"heading.default\">\n\t\t\t\t<div class=\"elementor-widget-container\">\n\t\t\t\t\t<h2 class=\"elementor-heading-title elementor-size-default\">Dal 18 Luglio al 21 Luglio 2025<\/h2>\t\t\t\t<\/div>\n\t\t\t\t<\/div>\n\t\t\t\t<div class=\"elementor-element elementor-element-fe8a9fe elementor-align-center sfuma elementor-widget elementor-widget-button\" data-id=\"fe8a9fe\" data-element_type=\"widget\" data-e-type=\"widget\" data-widget_type=\"button.default\">\n\t\t\t\t<div class=\"elementor-widget-container\">\n\t\t\t\t\t\t\t\t\t<div class=\"elementor-button-wrapper\">\n\t\t\t\t\t<a class=\"elementor-button elementor-button-link elementor-size-sm\" href=\"https:\/\/visitcavaion.it\/de\/eventi\/festa-della-madonna-del-carmine\/edizione-2025\/\">\n\t\t\t\t\t\t<span class=\"elementor-button-content-wrapper\">\n\t\t\t\t\t\t\t\t\t<span class=\"elementor-button-text\">Vai all'evento<\/span>\n\t\t\t\t\t<\/span>\n\t\t\t\t\t<\/a>\n\t\t\t\t<\/div>\n\t\t\t\t\t\t\t\t<\/div>\n\t\t\t\t<\/div>\n\t\t\t\t\t<\/div>\n\t\t\t\t<\/div>\n\t\t<div class=\"elementor-element elementor-element-000c0c6 e-con-full e-flex e-con e-child\" data-id=\"000c0c6\" data-element_type=\"container\" data-e-type=\"container\" data-settings=\"{&quot;background_background&quot;:&quot;classic&quot;}\">\n\t\t\t\t<div class=\"elementor-element elementor-element-28fce21 elementor-widget elementor-widget-image\" data-id=\"28fce21\" data-element_type=\"widget\" data-e-type=\"widget\" data-widget_type=\"image.default\">\n\t\t\t\t<div class=\"elementor-widget-container\">\n\t\t\t\t\t\t\t\t\t\t\t\t\t\t\t<img decoding=\"async\" width=\"1296\" height=\"1032\" src=\"https:\/\/visitcavaion.it\/wp-content\/uploads\/2024\/07\/cavaion.jpg\" class=\"attachment-full size-full wp-image-3406\" alt=\"\" srcset=\"https:\/\/visitcavaion.it\/wp-content\/uploads\/2024\/07\/cavaion.jpg 1296w, https:\/\/visitcavaion.it\/wp-content\/uploads\/2024\/07\/cavaion-300x239.jpg 300w, https:\/\/visitcavaion.it\/wp-content\/uploads\/2024\/07\/cavaion-1024x815.jpg 1024w, https:\/\/visitcavaion.it\/wp-content\/uploads\/2024\/07\/cavaion-768x612.jpg 768w, https:\/\/visitcavaion.it\/wp-content\/uploads\/2024\/07\/cavaion-15x12.jpg 15w\" sizes=\"(max-width: 1296px) 100vw, 1296px\" \/>\t\t\t\t\t\t\t\t\t\t\t\t\t\t\t<\/div>\n\t\t\t\t<\/div>\n\t\t\t\t<div class=\"elementor-element elementor-element-3029fe3 elementor-widget elementor-widget-heading\" data-id=\"3029fe3\" data-element_type=\"widget\" data-e-type=\"widget\" data-widget_type=\"heading.default\">\n\t\t\t\t<div class=\"elementor-widget-container\">\n\t\t\t\t\t<h2 class=\"elementor-heading-title elementor-size-default\">292<sup>a <\/sup>Festa della Madonna del Carmine<\/h2>\t\t\t\t<\/div>\n\t\t\t\t<\/div>\n\t\t\t\t<div class=\"elementor-element elementor-element-496d4aa elementor-widget elementor-widget-heading\" data-id=\"496d4aa\" data-element_type=\"widget\" data-e-type=\"widget\" data-widget_type=\"heading.default\">\n\t\t\t\t<div class=\"elementor-widget-container\">\n\t\t\t\t\t<h2 class=\"elementor-heading-title elementor-size-default\">Dal 18 Luglio al 22 Luglio 2024<\/h2>\t\t\t\t<\/div>\n\t\t\t\t<\/div>\n\t\t\t\t<div class=\"elementor-element elementor-element-f60e371 elementor-align-center sfuma elementor-widget elementor-widget-button\" data-id=\"f60e371\" data-element_type=\"widget\" data-e-type=\"widget\" data-widget_type=\"button.default\">\n\t\t\t\t<div class=\"elementor-widget-container\">\n\t\t\t\t\t\t\t\t\t<div class=\"elementor-button-wrapper\">\n\t\t\t\t\t<a class=\"elementor-button elementor-button-link elementor-size-sm\" href=\"https:\/\/visitcavaion.it\/de\/eventi\/festa-della-madonna-del-carmine\/edizione-2024\/\">\n\t\t\t\t\t\t<span class=\"elementor-button-content-wrapper\">\n\t\t\t\t\t\t\t\t\t<span class=\"elementor-button-text\">Vai all'evento<\/span>\n\t\t\t\t\t<\/span>\n\t\t\t\t\t<\/a>\n\t\t\t\t<\/div>\n\t\t\t\t\t\t\t\t<\/div>\n\t\t\t\t<\/div>\n\t\t\t\t<\/div>\n\t\t<div class=\"elementor-element elementor-element-87bc006 e-con-full e-flex e-con e-child\" data-id=\"87bc006\" data-element_type=\"container\" data-e-type=\"container\" data-settings=\"{&quot;background_background&quot;:&quot;classic&quot;}\">\n\t\t\t\t<div class=\"elementor-element elementor-element-8393443 elementor-widget elementor-widget-image\" data-id=\"8393443\" data-element_type=\"widget\" data-e-type=\"widget\" data-widget_type=\"image.default\">\n\t\t\t\t<div class=\"elementor-widget-container\">\n\t\t\t\t\t\t\t\t\t\t\t\t\t\t\t<img decoding=\"async\" width=\"1624\" height=\"1080\" src=\"https:\/\/visitcavaion.it\/wp-content\/uploads\/2023\/07\/copertina-festa-della-madonna-del-carmine.png\" class=\"attachment-full size-full wp-image-2599\" alt=\"\" srcset=\"https:\/\/visitcavaion.it\/wp-content\/uploads\/2023\/07\/copertina-festa-della-madonna-del-carmine.png 1624w, https:\/\/visitcavaion.it\/wp-content\/uploads\/2023\/07\/copertina-festa-della-madonna-del-carmine-300x200.png 300w, https:\/\/visitcavaion.it\/wp-content\/uploads\/2023\/07\/copertina-festa-della-madonna-del-carmine-1024x681.png 1024w, https:\/\/visitcavaion.it\/wp-content\/uploads\/2023\/07\/copertina-festa-della-madonna-del-carmine-768x511.png 768w, https:\/\/visitcavaion.it\/wp-content\/uploads\/2023\/07\/copertina-festa-della-madonna-del-carmine-1536x1021.png 1536w, https:\/\/visitcavaion.it\/wp-content\/uploads\/2023\/07\/copertina-festa-della-madonna-del-carmine-18x12.png 18w\" sizes=\"(max-width: 1624px) 100vw, 1624px\" \/>\t\t\t\t\t\t\t\t\t\t\t\t\t\t\t<\/div>\n\t\t\t\t<\/div>\n\t\t\t\t<div class=\"elementor-element elementor-element-88cd991 elementor-widget elementor-widget-heading\" data-id=\"88cd991\" data-element_type=\"widget\" data-e-type=\"widget\" data-widget_type=\"heading.default\">\n\t\t\t\t<div class=\"elementor-widget-container\">\n\t\t\t\t\t<h2 class=\"elementor-heading-title elementor-size-default\">291<sup>a <\/sup>Festa della Madonna del Carmine<\/h2>\t\t\t\t<\/div>\n\t\t\t\t<\/div>\n\t\t\t\t<div class=\"elementor-element elementor-element-f12ac5f elementor-widget elementor-widget-heading\" data-id=\"f12ac5f\" data-element_type=\"widget\" data-e-type=\"widget\" data-widget_type=\"heading.default\">\n\t\t\t\t<div class=\"elementor-widget-container\">\n\t\t\t\t\t<h2 class=\"elementor-heading-title elementor-size-default\">Dal 13 Luglio al 17 Luglio 2023<\/h2>\t\t\t\t<\/div>\n\t\t\t\t<\/div>\n\t\t\t\t<div class=\"elementor-element elementor-element-7f35f20 elementor-align-center sfuma elementor-widget elementor-widget-button\" data-id=\"7f35f20\" data-element_type=\"widget\" data-e-type=\"widget\" data-widget_type=\"button.default\">\n\t\t\t\t<div class=\"elementor-widget-container\">\n\t\t\t\t\t\t\t\t\t<div class=\"elementor-button-wrapper\">\n\t\t\t\t\t<a class=\"elementor-button elementor-button-link elementor-size-sm\" href=\"https:\/\/visitcavaion.it\/de\/eventi\/festa-della-madonna-del-carmine\/edizione-2023\/\">\n\t\t\t\t\t\t<span class=\"elementor-button-content-wrapper\">\n\t\t\t\t\t\t\t\t\t<span class=\"elementor-button-text\">Vai all'evento<\/span>\n\t\t\t\t\t<\/span>\n\t\t\t\t\t<\/a>\n\t\t\t\t<\/div>\n\t\t\t\t\t\t\t\t<\/div>\n\t\t\t\t<\/div>\n\t\t\t\t<\/div>\n\t\t\t\t\t<\/div>\n\t\t\t\t<\/div>\n\t\t\t\t<\/div>","protected":false},"excerpt":{"rendered":"<p>Festa della Madonna del Carmine La Festa della Madonna del Carmine affonda le sue radici nelle profondit\u00e0 pi\u00f9 popolari della storia di Cavaion. Le origini del nome risalgono addirittura al XVI secolo, quando era attiva, in paese, la Compagnia del Carmine (dal 1630, Confraternita del Carmine), che svolgeva un compito per cui non poteva certo [&hellip;]<\/p>\n","protected":false},"author":1,"featured_media":0,"parent":70,"menu_order":0,"comment_status":"closed","ping_status":"closed","template":"","meta":{"footnotes":""},"class_list":["post-2576","page","type-page","status-publish","hentry"],"yoast_head":"<!-- This site is optimized with the Yoast SEO plugin v27.6 - https:\/\/yoast.com\/product\/yoast-seo-wordpress\/ -->\n<title>Festa della Madonna del Carmine - Visit Cavaion<\/title>\n<meta name=\"robots\" content=\"index, follow, max-snippet:-1, max-image-preview:large, max-video-preview:-1\" \/>\n<link rel=\"canonical\" href=\"https:\/\/visitcavaion.it\/de\/eventi\/festa-della-madonna-del-carmine\/\" \/>\n<meta property=\"og:locale\" content=\"de_DE\" \/>\n<meta property=\"og:type\" content=\"article\" \/>\n<meta property=\"og:title\" content=\"Festa della Madonna del Carmine - Visit Cavaion\" \/>\n<meta property=\"og:description\" content=\"Festa della Madonna del Carmine La Festa della Madonna del Carmine affonda le sue radici nelle profondit\u00e0 pi\u00f9 popolari della storia di Cavaion. Le origini del nome risalgono addirittura al XVI secolo, quando era attiva, in paese, la Compagnia del Carmine (dal 1630, Confraternita del Carmine), che svolgeva un compito per cui non poteva certo [&hellip;]\" \/>\n<meta property=\"og:url\" content=\"https:\/\/visitcavaion.it\/de\/eventi\/festa-della-madonna-del-carmine\/\" \/>\n<meta property=\"og:site_name\" content=\"Visit Cavaion\" \/>\n<meta property=\"article:modified_time\" content=\"2025-07-03T12:19:56+00:00\" \/>\n<meta property=\"og:image\" content=\"https:\/\/visitcavaion.it\/wp-content\/uploads\/2025\/07\/cavaion-luglio-2025-1.jpg\" \/>\n\t<meta property=\"og:image:width\" content=\"1296\" \/>\n\t<meta property=\"og:image:height\" content=\"1032\" \/>\n\t<meta property=\"og:image:type\" content=\"image\/jpeg\" \/>\n<meta name=\"twitter:card\" content=\"summary_large_image\" \/>\n<meta name=\"twitter:label1\" content=\"Gesch\u00e4tzte Lesezeit\" \/>\n\t<meta name=\"twitter:data1\" content=\"2\u00a0Minuten\" \/>\n<script type=\"application\/ld+json\" class=\"yoast-schema-graph\">{\"@context\":\"https:\\\/\\\/schema.org\",\"@graph\":[{\"@type\":\"WebPage\",\"@id\":\"https:\\\/\\\/visitcavaion.it\\\/eventi\\\/festa-della-madonna-del-carmine\\\/\",\"url\":\"https:\\\/\\\/visitcavaion.it\\\/eventi\\\/festa-della-madonna-del-carmine\\\/\",\"name\":\"Festa della Madonna del Carmine - Visit Cavaion\",\"isPartOf\":{\"@id\":\"https:\\\/\\\/visitcavaion.it\\\/#website\"},\"primaryImageOfPage\":{\"@id\":\"https:\\\/\\\/visitcavaion.it\\\/eventi\\\/festa-della-madonna-del-carmine\\\/#primaryimage\"},\"image\":{\"@id\":\"https:\\\/\\\/visitcavaion.it\\\/eventi\\\/festa-della-madonna-del-carmine\\\/#primaryimage\"},\"thumbnailUrl\":\"https:\\\/\\\/visitcavaion.it\\\/wp-content\\\/uploads\\\/2025\\\/07\\\/cavaion-luglio-2025-1.jpg\",\"datePublished\":\"2023-07-04T08:03:08+00:00\",\"dateModified\":\"2025-07-03T12:19:56+00:00\",\"breadcrumb\":{\"@id\":\"https:\\\/\\\/visitcavaion.it\\\/eventi\\\/festa-della-madonna-del-carmine\\\/#breadcrumb\"},\"inLanguage\":\"de\",\"potentialAction\":[{\"@type\":\"ReadAction\",\"target\":[\"https:\\\/\\\/visitcavaion.it\\\/eventi\\\/festa-della-madonna-del-carmine\\\/\"]}]},{\"@type\":\"ImageObject\",\"inLanguage\":\"de\",\"@id\":\"https:\\\/\\\/visitcavaion.it\\\/eventi\\\/festa-della-madonna-del-carmine\\\/#primaryimage\",\"url\":\"https:\\\/\\\/visitcavaion.it\\\/wp-content\\\/uploads\\\/2025\\\/07\\\/cavaion-luglio-2025-1.jpg\",\"contentUrl\":\"https:\\\/\\\/visitcavaion.it\\\/wp-content\\\/uploads\\\/2025\\\/07\\\/cavaion-luglio-2025-1.jpg\"},{\"@type\":\"BreadcrumbList\",\"@id\":\"https:\\\/\\\/visitcavaion.it\\\/eventi\\\/festa-della-madonna-del-carmine\\\/#breadcrumb\",\"itemListElement\":[{\"@type\":\"ListItem\",\"position\":1,\"name\":\"Home\",\"item\":\"https:\\\/\\\/visitcavaion.it\\\/\"},{\"@type\":\"ListItem\",\"position\":2,\"name\":\"Eventi\",\"item\":\"https:\\\/\\\/visitcavaion.it\\\/eventi\\\/\"},{\"@type\":\"ListItem\",\"position\":3,\"name\":\"Festa della Madonna del Carmine\"}]},{\"@type\":\"WebSite\",\"@id\":\"https:\\\/\\\/visitcavaion.it\\\/#website\",\"url\":\"https:\\\/\\\/visitcavaion.it\\\/\",\"name\":\"Visit Cavaion\",\"description\":\"Official Website\",\"potentialAction\":[{\"@type\":\"SearchAction\",\"target\":{\"@type\":\"EntryPoint\",\"urlTemplate\":\"https:\\\/\\\/visitcavaion.it\\\/?s={search_term_string}\"},\"query-input\":{\"@type\":\"PropertyValueSpecification\",\"valueRequired\":true,\"valueName\":\"search_term_string\"}}],\"inLanguage\":\"de\"}]}<\/script>\n<!-- \/ Yoast SEO plugin. -->","yoast_head_json":{"title":"Festa della Madonna del Carmine - Visit Cavaion","robots":{"index":"index","follow":"follow","max-snippet":"max-snippet:-1","max-image-preview":"max-image-preview:large","max-video-preview":"max-video-preview:-1"},"canonical":"https:\/\/visitcavaion.it\/de\/eventi\/festa-della-madonna-del-carmine\/","og_locale":"de_DE","og_type":"article","og_title":"Festa della Madonna del Carmine - Visit Cavaion","og_description":"Festa della Madonna del Carmine La Festa della Madonna del Carmine affonda le sue radici nelle profondit\u00e0 pi\u00f9 popolari della storia di Cavaion. Le origini del nome risalgono addirittura al XVI secolo, quando era attiva, in paese, la Compagnia del Carmine (dal 1630, Confraternita del Carmine), che svolgeva un compito per cui non poteva certo [&hellip;]","og_url":"https:\/\/visitcavaion.it\/de\/eventi\/festa-della-madonna-del-carmine\/","og_site_name":"Visit Cavaion","article_modified_time":"2025-07-03T12:19:56+00:00","og_image":[{"width":1296,"height":1032,"url":"https:\/\/visitcavaion.it\/wp-content\/uploads\/2025\/07\/cavaion-luglio-2025-1.jpg","type":"image\/jpeg"}],"twitter_card":"summary_large_image","twitter_misc":{"Gesch\u00e4tzte Lesezeit":"2\u00a0Minuten"},"schema":{"@context":"https:\/\/schema.org","@graph":[{"@type":"WebPage","@id":"https:\/\/visitcavaion.it\/eventi\/festa-della-madonna-del-carmine\/","url":"https:\/\/visitcavaion.it\/eventi\/festa-della-madonna-del-carmine\/","name":"Festa della Madonna del Carmine - Visit Cavaion","isPartOf":{"@id":"https:\/\/visitcavaion.it\/#website"},"primaryImageOfPage":{"@id":"https:\/\/visitcavaion.it\/eventi\/festa-della-madonna-del-carmine\/#primaryimage"},"image":{"@id":"https:\/\/visitcavaion.it\/eventi\/festa-della-madonna-del-carmine\/#primaryimage"},"thumbnailUrl":"https:\/\/visitcavaion.it\/wp-content\/uploads\/2025\/07\/cavaion-luglio-2025-1.jpg","datePublished":"2023-07-04T08:03:08+00:00","dateModified":"2025-07-03T12:19:56+00:00","breadcrumb":{"@id":"https:\/\/visitcavaion.it\/eventi\/festa-della-madonna-del-carmine\/#breadcrumb"},"inLanguage":"de","potentialAction":[{"@type":"ReadAction","target":["https:\/\/visitcavaion.it\/eventi\/festa-della-madonna-del-carmine\/"]}]},{"@type":"ImageObject","inLanguage":"de","@id":"https:\/\/visitcavaion.it\/eventi\/festa-della-madonna-del-carmine\/#primaryimage","url":"https:\/\/visitcavaion.it\/wp-content\/uploads\/2025\/07\/cavaion-luglio-2025-1.jpg","contentUrl":"https:\/\/visitcavaion.it\/wp-content\/uploads\/2025\/07\/cavaion-luglio-2025-1.jpg"},{"@type":"BreadcrumbList","@id":"https:\/\/visitcavaion.it\/eventi\/festa-della-madonna-del-carmine\/#breadcrumb","itemListElement":[{"@type":"ListItem","position":1,"name":"Home","item":"https:\/\/visitcavaion.it\/"},{"@type":"ListItem","position":2,"name":"Eventi","item":"https:\/\/visitcavaion.it\/eventi\/"},{"@type":"ListItem","position":3,"name":"Festa della Madonna del Carmine"}]},{"@type":"WebSite","@id":"https:\/\/visitcavaion.it\/#website","url":"https:\/\/visitcavaion.it\/","name":"Visit Cavaion","description":"Official Website","potentialAction":[{"@type":"SearchAction","target":{"@type":"EntryPoint","urlTemplate":"https:\/\/visitcavaion.it\/?s={search_term_string}"},"query-input":{"@type":"PropertyValueSpecification","valueRequired":true,"valueName":"search_term_string"}}],"inLanguage":"de"}]}},"_links":{"self":[{"href":"https:\/\/visitcavaion.it\/de\/wp-json\/wp\/v2\/pages\/2576","targetHints":{"allow":["GET"]}}],"collection":[{"href":"https:\/\/visitcavaion.it\/de\/wp-json\/wp\/v2\/pages"}],"about":[{"href":"https:\/\/visitcavaion.it\/de\/wp-json\/wp\/v2\/types\/page"}],"author":[{"embeddable":true,"href":"https:\/\/visitcavaion.it\/de\/wp-json\/wp\/v2\/users\/1"}],"replies":[{"embeddable":true,"href":"https:\/\/visitcavaion.it\/de\/wp-json\/wp\/v2\/comments?post=2576"}],"version-history":[{"count":43,"href":"https:\/\/visitcavaion.it\/de\/wp-json\/wp\/v2\/pages\/2576\/revisions"}],"predecessor-version":[{"id":4008,"href":"https:\/\/visitcavaion.it\/de\/wp-json\/wp\/v2\/pages\/2576\/revisions\/4008"}],"up":[{"embeddable":true,"href":"https:\/\/visitcavaion.it\/de\/wp-json\/wp\/v2\/pages\/70"}],"wp:attachment":[{"href":"https:\/\/visitcavaion.it\/de\/wp-json\/wp\/v2\/media?parent=2576"}],"curies":[{"name":"wp","href":"https:\/\/api.w.org\/{rel}","templated":true}]}}